{"id":4751,"date":"2025-11-04T10:52:58","date_gmt":"2025-11-04T09:52:58","guid":{"rendered":"https:\/\/fdfamodesign.com\/?page_id=4751"},"modified":"2025-11-05T16:09:11","modified_gmt":"2025-11-05T15:09:11","slug":"pedreria","status":"publish","type":"page","link":"https:\/\/fdfamodesign.com\/en\/pedreria\/","title":{"rendered":"Rhinestones"},"content":{"rendered":"<div data-elementor-type=\"wp-page\" data-elementor-id=\"4751\" class=\"elementor elementor-4751\" data-elementor-post-type=\"page\">\n\t\t\t\t<div class=\"elementor-element elementor-element-4976069c e-flex e-con-boxed e-con e-parent\" data-id=\"4976069c\" data-element_type=\"container\" data-e-type=\"container\">\n\t\t\t\t\t<div class=\"e-con-inner\">\n\t\t\t\t<div class=\"elementor-element elementor-element-7d55bd5 elementor-widget elementor-widget-heading\" data-id=\"7d55bd5\" data-element_type=\"widget\" data-e-type=\"widget\" data-widget_type=\"heading.default\">\n\t\t\t\t<div class=\"elementor-widget-container\">\n\t\t\t\t\t<h5 class=\"elementor-heading-title elementor-size-default\">Light, texture, and precision.<\/h5>\t\t\t\t<\/div>\n\t\t\t\t<\/div>\n\t\t\t\t\t<\/div>\n\t\t\t\t<\/div>\n\t\t<div class=\"elementor-element elementor-element-666b2837 e-flex e-con-boxed e-con e-parent\" data-id=\"666b2837\" data-element_type=\"container\" data-e-type=\"container\">\n\t\t\t\t\t<div class=\"e-con-inner\">\n\t\t\t\t<div class=\"elementor-element elementor-element-18723300 elementor-widget elementor-widget-text-editor\" data-id=\"18723300\" data-element_type=\"widget\" data-e-type=\"widget\" data-widget_type=\"text-editor.default\">\n\t\t\t\t<div class=\"elementor-widget-container\">\n\t\t\t\t\t\t\t\t\t<p>Rhinestones add depth and sophistication. Each piece is set with precision to achieve a balance between brilliance and subtlety.<\/p><p>At FAMO Design, we work with materials that combine durability and lightness, designed to integrate seamlessly and add visual value to the design. From small inlays to more elaborate compositions, rhinestones become a versatile resource that accentuates detail while maintaining the overall harmony of the piece.<\/p>\t\t\t\t\t\t\t\t<\/div>\n\t\t\t\t<\/div>\n\t\t\t\t<div class=\"elementor-element elementor-element-00dbd2b elementor-widget elementor-widget-gallery\" data-id=\"00dbd2b\" data-element_type=\"widget\" data-e-type=\"widget\" data-settings=\"{&quot;gallery_layout&quot;:&quot;masonry&quot;,&quot;columns&quot;:3,&quot;lazyload&quot;:&quot;yes&quot;,&quot;columns_tablet&quot;:2,&quot;columns_mobile&quot;:1,&quot;gap&quot;:{&quot;unit&quot;:&quot;px&quot;,&quot;size&quot;:10,&quot;sizes&quot;:[]},&quot;gap_tablet&quot;:{&quot;unit&quot;:&quot;px&quot;,&quot;size&quot;:10,&quot;sizes&quot;:[]},&quot;gap_mobile&quot;:{&quot;unit&quot;:&quot;px&quot;,&quot;size&quot;:10,&quot;sizes&quot;:[]},&quot;link_to&quot;:&quot;file&quot;,&quot;overlay_background&quot;:&quot;yes&quot;,&quot;content_hover_animation&quot;:&quot;fade-in&quot;}\" data-widget_type=\"gallery.default\">\n\t\t\t\t<div class=\"elementor-widget-container\">\n\t\t\t\t\t\t\t<div class=\"elementor-gallery__container\">\n\t\t\t\t\t\t\t<a class=\"e-gallery-item elementor-gallery-item elementor-animated-content\" href=\"https:\/\/fdfamodesign.com\/wp-content\/uploads\/2025\/11\/famo-invierno26-pedreria-galeria-1.webp\" data-elementor-open-lightbox=\"yes\" data-elementor-lightbox-slideshow=\"00dbd2b\" data-elementor-lightbox-title=\"famo-invierno26-pedreria-galeria-1\" data-e-action-hash=\"#elementor-action%3Aaction%3Dlightbox%26settings%3DeyJpZCI6NDk1NCwidXJsIjoiaHR0cHM6XC9cL2ZkZmFtb2Rlc2lnbi5jb21cL3dwLWNvbnRlbnRcL3VwbG9hZHNcLzIwMjVcLzExXC9mYW1vLWludmllcm5vMjYtcGVkcmVyaWEtZ2FsZXJpYS0xLndlYnAiLCJzbGlkZXNob3ciOiIwMGRiZDJiIn0%3D\">\n\t\t\t\t\t<div class=\"e-gallery-image elementor-gallery-item__image\" data-thumbnail=\"https:\/\/fdfamodesign.com\/wp-content\/uploads\/2025\/11\/famo-invierno26-pedreria-galeria-1.webp\" data-width=\"640\" data-height=\"800\" aria-label=\"\" role=\"img\" ><\/div>\n\t\t\t\t\t\t\t\t\t\t\t<div class=\"elementor-gallery-item__overlay\"><\/div>\n\t\t\t\t\t\t\t\t\t\t\t\t\t\t<\/a>\n\t\t\t\t\t\t\t<a class=\"e-gallery-item elementor-gallery-item elementor-animated-content\" href=\"https:\/\/fdfamodesign.com\/wp-content\/uploads\/2025\/11\/famo-invierno26-pedreria-galeria-2.webp\" data-elementor-open-lightbox=\"yes\" data-elementor-lightbox-slideshow=\"00dbd2b\" data-elementor-lightbox-title=\"famo-invierno26-pedreria-galeria-2\" data-e-action-hash=\"#elementor-action%3Aaction%3Dlightbox%26settings%3DeyJpZCI6NDk1NSwidXJsIjoiaHR0cHM6XC9cL2ZkZmFtb2Rlc2lnbi5jb21cL3dwLWNvbnRlbnRcL3VwbG9hZHNcLzIwMjVcLzExXC9mYW1vLWludmllcm5vMjYtcGVkcmVyaWEtZ2FsZXJpYS0yLndlYnAiLCJzbGlkZXNob3ciOiIwMGRiZDJiIn0%3D\">\n\t\t\t\t\t<div class=\"e-gallery-image elementor-gallery-item__image\" data-thumbnail=\"https:\/\/fdfamodesign.com\/wp-content\/uploads\/2025\/11\/famo-invierno26-pedreria-galeria-2.webp\" data-width=\"640\" data-height=\"426\" aria-label=\"\" role=\"img\" ><\/div>\n\t\t\t\t\t\t\t\t\t\t\t<div class=\"elementor-gallery-item__overlay\"><\/div>\n\t\t\t\t\t\t\t\t\t\t\t\t\t\t<\/a>\n\t\t\t\t\t\t\t<a class=\"e-gallery-item elementor-gallery-item elementor-animated-content\" href=\"https:\/\/fdfamodesign.com\/wp-content\/uploads\/2025\/11\/famo-invierno26-pedreria-galeria-3.webp\" data-elementor-open-lightbox=\"yes\" data-elementor-lightbox-slideshow=\"00dbd2b\" data-elementor-lightbox-title=\"famo-invierno26-pedreria-galeria-3\" data-e-action-hash=\"#elementor-action%3Aaction%3Dlightbox%26settings%3DeyJpZCI6NDk1NiwidXJsIjoiaHR0cHM6XC9cL2ZkZmFtb2Rlc2lnbi5jb21cL3dwLWNvbnRlbnRcL3VwbG9hZHNcLzIwMjVcLzExXC9mYW1vLWludmllcm5vMjYtcGVkcmVyaWEtZ2FsZXJpYS0zLndlYnAiLCJzbGlkZXNob3ciOiIwMGRiZDJiIn0%3D\">\n\t\t\t\t\t<div class=\"e-gallery-image elementor-gallery-item__image\" data-thumbnail=\"https:\/\/fdfamodesign.com\/wp-content\/uploads\/2025\/11\/famo-invierno26-pedreria-galeria-3.webp\" data-width=\"640\" data-height=\"426\" aria-label=\"\" role=\"img\" ><\/div>\n\t\t\t\t\t\t\t\t\t\t\t<div class=\"elementor-gallery-item__overlay\"><\/div>\n\t\t\t\t\t\t\t\t\t\t\t\t\t\t<\/a>\n\t\t\t\t\t\t\t<a class=\"e-gallery-item elementor-gallery-item elementor-animated-content\" href=\"https:\/\/fdfamodesign.com\/wp-content\/uploads\/2025\/11\/famo-invierno26-pedreria-galeria-4.webp\" data-elementor-open-lightbox=\"yes\" data-elementor-lightbox-slideshow=\"00dbd2b\" data-elementor-lightbox-title=\"famo-invierno26-pedreria-galeria-4\" data-e-action-hash=\"#elementor-action%3Aaction%3Dlightbox%26settings%3DeyJpZCI6NDk1NywidXJsIjoiaHR0cHM6XC9cL2ZkZmFtb2Rlc2lnbi5jb21cL3dwLWNvbnRlbnRcL3VwbG9hZHNcLzIwMjVcLzExXC9mYW1vLWludmllcm5vMjYtcGVkcmVyaWEtZ2FsZXJpYS00LndlYnAiLCJzbGlkZXNob3ciOiIwMGRiZDJiIn0%3D\">\n\t\t\t\t\t<div class=\"e-gallery-image elementor-gallery-item__image\" data-thumbnail=\"https:\/\/fdfamodesign.com\/wp-content\/uploads\/2025\/11\/famo-invierno26-pedreria-galeria-4.webp\" data-width=\"640\" data-height=\"426\" aria-label=\"\" role=\"img\" ><\/div>\n\t\t\t\t\t\t\t\t\t\t\t<div class=\"elementor-gallery-item__overlay\"><\/div>\n\t\t\t\t\t\t\t\t\t\t\t\t\t\t<\/a>\n\t\t\t\t\t\t\t<a class=\"e-gallery-item elementor-gallery-item elementor-animated-content\" href=\"https:\/\/fdfamodesign.com\/wp-content\/uploads\/2025\/11\/famo-invierno26-pedreria-galeria-5.webp\" data-elementor-open-lightbox=\"yes\" data-elementor-lightbox-slideshow=\"00dbd2b\" data-elementor-lightbox-title=\"famo-invierno26-pedreria-galeria-5\" data-e-action-hash=\"#elementor-action%3Aaction%3Dlightbox%26settings%3DeyJpZCI6NDk1OCwidXJsIjoiaHR0cHM6XC9cL2ZkZmFtb2Rlc2lnbi5jb21cL3dwLWNvbnRlbnRcL3VwbG9hZHNcLzIwMjVcLzExXC9mYW1vLWludmllcm5vMjYtcGVkcmVyaWEtZ2FsZXJpYS01LndlYnAiLCJzbGlkZXNob3ciOiIwMGRiZDJiIn0%3D\">\n\t\t\t\t\t<div class=\"e-gallery-image elementor-gallery-item__image\" data-thumbnail=\"https:\/\/fdfamodesign.com\/wp-content\/uploads\/2025\/11\/famo-invierno26-pedreria-galeria-5.webp\" data-width=\"640\" data-height=\"800\" aria-label=\"\" role=\"img\" ><\/div>\n\t\t\t\t\t\t\t\t\t\t\t<div class=\"elementor-gallery-item__overlay\"><\/div>\n\t\t\t\t\t\t\t\t\t\t\t\t\t\t<\/a>\n\t\t\t\t\t\t\t<a class=\"e-gallery-item elementor-gallery-item elementor-animated-content\" href=\"https:\/\/fdfamodesign.com\/wp-content\/uploads\/2025\/11\/famo-invierno26-pedreria-galeria-6.webp\" data-elementor-open-lightbox=\"yes\" data-elementor-lightbox-slideshow=\"00dbd2b\" data-elementor-lightbox-title=\"famo-invierno26-pedreria-galeria-6\" data-e-action-hash=\"#elementor-action%3Aaction%3Dlightbox%26settings%3DeyJpZCI6NDk1OSwidXJsIjoiaHR0cHM6XC9cL2ZkZmFtb2Rlc2lnbi5jb21cL3dwLWNvbnRlbnRcL3VwbG9hZHNcLzIwMjVcLzExXC9mYW1vLWludmllcm5vMjYtcGVkcmVyaWEtZ2FsZXJpYS02LndlYnAiLCJzbGlkZXNob3ciOiIwMGRiZDJiIn0%3D\">\n\t\t\t\t\t<div class=\"e-gallery-image elementor-gallery-item__image\" data-thumbnail=\"https:\/\/fdfamodesign.com\/wp-content\/uploads\/2025\/11\/famo-invierno26-pedreria-galeria-6.webp\" data-width=\"640\" data-height=\"520\" aria-label=\"\" role=\"img\" ><\/div>\n\t\t\t\t\t\t\t\t\t\t\t<div class=\"elementor-gallery-item__overlay\"><\/div>\n\t\t\t\t\t\t\t\t\t\t\t\t\t\t<\/a>\n\t\t\t\t\t\t\t<a class=\"e-gallery-item elementor-gallery-item elementor-animated-content\" href=\"https:\/\/fdfamodesign.com\/wp-content\/uploads\/2025\/11\/famo-invierno26-pedreria-galeria-7.webp\" data-elementor-open-lightbox=\"yes\" data-elementor-lightbox-slideshow=\"00dbd2b\" data-elementor-lightbox-title=\"famo-invierno26-pedreria-galeria-7\" data-e-action-hash=\"#elementor-action%3Aaction%3Dlightbox%26settings%3DeyJpZCI6NDk2MCwidXJsIjoiaHR0cHM6XC9cL2ZkZmFtb2Rlc2lnbi5jb21cL3dwLWNvbnRlbnRcL3VwbG9hZHNcLzIwMjVcLzExXC9mYW1vLWludmllcm5vMjYtcGVkcmVyaWEtZ2FsZXJpYS03LndlYnAiLCJzbGlkZXNob3ciOiIwMGRiZDJiIn0%3D\">\n\t\t\t\t\t<div class=\"e-gallery-image elementor-gallery-item__image\" data-thumbnail=\"https:\/\/fdfamodesign.com\/wp-content\/uploads\/2025\/11\/famo-invierno26-pedreria-galeria-7.webp\" data-width=\"640\" data-height=\"426\" aria-label=\"\" role=\"img\" ><\/div>\n\t\t\t\t\t\t\t\t\t\t\t<div class=\"elementor-gallery-item__overlay\"><\/div>\n\t\t\t\t\t\t\t\t\t\t\t\t\t\t<\/a>\n\t\t\t\t\t<\/div>\n\t\t\t\t\t<\/div>\n\t\t\t\t<\/div>\n\t\t\t\t\t<\/div>\n\t\t\t\t<\/div>\n\t\t\t\t<\/div>","protected":false},"excerpt":{"rendered":"<p>Luz, textura y precisi\u00f3n La pedrer\u00eda aporta relieve y sofisticaci\u00f3n. Cada pieza est\u00e1 colocada con&hellip;<\/p>","protected":false},"author":1,"featured_media":4964,"parent":0,"menu_order":0,"comment_status":"closed","ping_status":"closed","template":"","meta":{"footnotes":""},"class_list":["post-4751","page","type-page","status-publish","has-post-thumbnail","hentry"],"yoast_head":"<!-- This site is optimized with the Yoast SEO plugin v27.1.1 - https:\/\/yoast.com\/product\/yoast-seo-wordpress\/ -->\n<title>Pedrer\u00eda - Famo Design<\/title>\n<meta name=\"description\" content=\"Materiales de calzado de primera calidad que tus dise\u00f1os merecen: cuentas seleccionadas a mano, purpurina que deslumbra y punteras elegantes\" \/>\n<meta name=\"robots\" content=\"index, follow, max-snippet:-1, max-image-preview:large, max-video-preview:-1\" \/>\n<link rel=\"canonical\" href=\"https:\/\/fdfamodesign.com\/en\/pedreria\/\" \/>\n<meta property=\"og:locale\" content=\"en_GB\" \/>\n<meta property=\"og:type\" content=\"article\" \/>\n<meta property=\"og:title\" content=\"Pedrer\u00eda - Famo Design\" \/>\n<meta property=\"og:description\" content=\"Materiales de calzado de primera calidad que tus dise\u00f1os merecen: cuentas seleccionadas a mano, purpurina que deslumbra y punteras elegantes\" \/>\n<meta property=\"og:url\" content=\"https:\/\/fdfamodesign.com\/en\/pedreria\/\" \/>\n<meta property=\"og:site_name\" content=\"Famo Design\" \/>\n<meta property=\"article:publisher\" content=\"https:\/\/www.facebook.com\/famodesing\/\" \/>\n<meta property=\"article:modified_time\" content=\"2025-11-05T15:09:11+00:00\" \/>\n<meta property=\"og:image\" content=\"https:\/\/fdfamodesign.com\/wp-content\/uploads\/2025\/11\/famo-invierno26-pedreria-destacada.webp\" \/>\n\t<meta property=\"og:image:width\" content=\"1920\" \/>\n\t<meta property=\"og:image:height\" content=\"960\" \/>\n\t<meta property=\"og:image:type\" content=\"image\/jpeg\" \/>\n<meta name=\"twitter:card\" content=\"summary_large_image\" \/>\n<meta name=\"twitter:label1\" content=\"Estimated reading time\" \/>\n\t<meta name=\"twitter:data1\" content=\"1 minute\" \/>\n<script type=\"application\/ld+json\" class=\"yoast-schema-graph\">{\"@context\":\"https:\/\/schema.org\",\"@graph\":[{\"@type\":\"WebPage\",\"@id\":\"https:\/\/fdfamodesign.com\/pedreria\/\",\"url\":\"https:\/\/fdfamodesign.com\/pedreria\/\",\"name\":\"Pedrer\u00eda - Famo Design\",\"isPartOf\":{\"@id\":\"https:\/\/fdfamodesign.com\/#website\"},\"primaryImageOfPage\":{\"@id\":\"https:\/\/fdfamodesign.com\/pedreria\/#primaryimage\"},\"image\":{\"@id\":\"https:\/\/fdfamodesign.com\/pedreria\/#primaryimage\"},\"thumbnailUrl\":\"https:\/\/fdfamodesign.com\/wp-content\/uploads\/2025\/11\/famo-invierno26-pedreria-destacada.webp\",\"datePublished\":\"2025-11-04T09:52:58+00:00\",\"dateModified\":\"2025-11-05T15:09:11+00:00\",\"description\":\"Materiales de calzado de primera calidad que tus dise\u00f1os merecen: cuentas seleccionadas a mano, purpurina que deslumbra y punteras elegantes\",\"breadcrumb\":{\"@id\":\"https:\/\/fdfamodesign.com\/pedreria\/#breadcrumb\"},\"inLanguage\":\"en-GB\",\"potentialAction\":[{\"@type\":\"ReadAction\",\"target\":[\"https:\/\/fdfamodesign.com\/pedreria\/\"]}]},{\"@type\":\"ImageObject\",\"inLanguage\":\"en-GB\",\"@id\":\"https:\/\/fdfamodesign.com\/pedreria\/#primaryimage\",\"url\":\"https:\/\/fdfamodesign.com\/wp-content\/uploads\/2025\/11\/famo-invierno26-pedreria-destacada.webp\",\"contentUrl\":\"https:\/\/fdfamodesign.com\/wp-content\/uploads\/2025\/11\/famo-invierno26-pedreria-destacada.webp\",\"width\":1920,\"height\":960},{\"@type\":\"BreadcrumbList\",\"@id\":\"https:\/\/fdfamodesign.com\/pedreria\/#breadcrumb\",\"itemListElement\":[{\"@type\":\"ListItem\",\"position\":1,\"name\":\"Portada\",\"item\":\"https:\/\/fdfamodesign.com\/\"},{\"@type\":\"ListItem\",\"position\":2,\"name\":\"Pedrer\u00eda\"}]},{\"@type\":\"WebSite\",\"@id\":\"https:\/\/fdfamodesign.com\/#website\",\"url\":\"https:\/\/fdfamodesign.com\/\",\"name\":\"Famo Design\",\"description\":\"Servicios, productos y materias para calzado\",\"potentialAction\":[{\"@type\":\"SearchAction\",\"target\":{\"@type\":\"EntryPoint\",\"urlTemplate\":\"https:\/\/fdfamodesign.com\/?s={search_term_string}\"},\"query-input\":{\"@type\":\"PropertyValueSpecification\",\"valueRequired\":true,\"valueName\":\"search_term_string\"}}],\"inLanguage\":\"en-GB\"}]}<\/script>\n<!-- \/ Yoast SEO plugin. -->","yoast_head_json":{"title":"Pedrer\u00eda - Famo Design","description":"Materiales de calzado de primera calidad que tus dise\u00f1os merecen: cuentas seleccionadas a mano, purpurina que deslumbra y punteras elegantes","robots":{"index":"index","follow":"follow","max-snippet":"max-snippet:-1","max-image-preview":"max-image-preview:large","max-video-preview":"max-video-preview:-1"},"canonical":"https:\/\/fdfamodesign.com\/en\/pedreria\/","og_locale":"en_GB","og_type":"article","og_title":"Pedrer\u00eda - Famo Design","og_description":"Materiales de calzado de primera calidad que tus dise\u00f1os merecen: cuentas seleccionadas a mano, purpurina que deslumbra y punteras elegantes","og_url":"https:\/\/fdfamodesign.com\/en\/pedreria\/","og_site_name":"Famo Design","article_publisher":"https:\/\/www.facebook.com\/famodesing\/","article_modified_time":"2025-11-05T15:09:11+00:00","og_image":[{"width":1920,"height":960,"url":"https:\/\/fdfamodesign.com\/wp-content\/uploads\/2025\/11\/famo-invierno26-pedreria-destacada.webp","type":"image\/jpeg"}],"twitter_card":"summary_large_image","twitter_misc":{"Estimated reading time":"1 minute"},"schema":{"@context":"https:\/\/schema.org","@graph":[{"@type":"WebPage","@id":"https:\/\/fdfamodesign.com\/pedreria\/","url":"https:\/\/fdfamodesign.com\/pedreria\/","name":"Pedrer\u00eda - Famo Design","isPartOf":{"@id":"https:\/\/fdfamodesign.com\/#website"},"primaryImageOfPage":{"@id":"https:\/\/fdfamodesign.com\/pedreria\/#primaryimage"},"image":{"@id":"https:\/\/fdfamodesign.com\/pedreria\/#primaryimage"},"thumbnailUrl":"https:\/\/fdfamodesign.com\/wp-content\/uploads\/2025\/11\/famo-invierno26-pedreria-destacada.webp","datePublished":"2025-11-04T09:52:58+00:00","dateModified":"2025-11-05T15:09:11+00:00","description":"Materiales de calzado de primera calidad que tus dise\u00f1os merecen: cuentas seleccionadas a mano, purpurina que deslumbra y punteras elegantes","breadcrumb":{"@id":"https:\/\/fdfamodesign.com\/pedreria\/#breadcrumb"},"inLanguage":"en-GB","potentialAction":[{"@type":"ReadAction","target":["https:\/\/fdfamodesign.com\/pedreria\/"]}]},{"@type":"ImageObject","inLanguage":"en-GB","@id":"https:\/\/fdfamodesign.com\/pedreria\/#primaryimage","url":"https:\/\/fdfamodesign.com\/wp-content\/uploads\/2025\/11\/famo-invierno26-pedreria-destacada.webp","contentUrl":"https:\/\/fdfamodesign.com\/wp-content\/uploads\/2025\/11\/famo-invierno26-pedreria-destacada.webp","width":1920,"height":960},{"@type":"BreadcrumbList","@id":"https:\/\/fdfamodesign.com\/pedreria\/#breadcrumb","itemListElement":[{"@type":"ListItem","position":1,"name":"Portada","item":"https:\/\/fdfamodesign.com\/"},{"@type":"ListItem","position":2,"name":"Pedrer\u00eda"}]},{"@type":"WebSite","@id":"https:\/\/fdfamodesign.com\/#website","url":"https:\/\/fdfamodesign.com\/","name":"Famo Design","description":"Servicios, productos y materias para calzado","potentialAction":[{"@type":"SearchAction","target":{"@type":"EntryPoint","urlTemplate":"https:\/\/fdfamodesign.com\/?s={search_term_string}"},"query-input":{"@type":"PropertyValueSpecification","valueRequired":true,"valueName":"search_term_string"}}],"inLanguage":"en-GB"}]}},"_links":{"self":[{"href":"https:\/\/fdfamodesign.com\/en\/wp-json\/wp\/v2\/pages\/4751","targetHints":{"allow":["GET"]}}],"collection":[{"href":"https:\/\/fdfamodesign.com\/en\/wp-json\/wp\/v2\/pages"}],"about":[{"href":"https:\/\/fdfamodesign.com\/en\/wp-json\/wp\/v2\/types\/page"}],"author":[{"embeddable":true,"href":"https:\/\/fdfamodesign.com\/en\/wp-json\/wp\/v2\/users\/1"}],"replies":[{"embeddable":true,"href":"https:\/\/fdfamodesign.com\/en\/wp-json\/wp\/v2\/comments?post=4751"}],"version-history":[{"count":7,"href":"https:\/\/fdfamodesign.com\/en\/wp-json\/wp\/v2\/pages\/4751\/revisions"}],"predecessor-version":[{"id":4963,"href":"https:\/\/fdfamodesign.com\/en\/wp-json\/wp\/v2\/pages\/4751\/revisions\/4963"}],"wp:featuredmedia":[{"embeddable":true,"href":"https:\/\/fdfamodesign.com\/en\/wp-json\/wp\/v2\/media\/4964"}],"wp:attachment":[{"href":"https:\/\/fdfamodesign.com\/en\/wp-json\/wp\/v2\/media?parent=4751"}],"curies":[{"name":"wp","href":"https:\/\/api.w.org\/{rel}","templated":true}]}}