{"id":4745,"date":"2025-11-04T10:11:32","date_gmt":"2025-11-04T09:11:32","guid":{"rendered":"https:\/\/fdfamodesign.com\/?page_id=4745"},"modified":"2025-11-05T16:29:07","modified_gmt":"2025-11-05T15:29:07","slug":"detalles-en-metal","status":"publish","type":"page","link":"https:\/\/fdfamodesign.com\/en\/adornos\/detalles-en-metal\/","title":{"rendered":"Metal details"},"content":{"rendered":"<div data-elementor-type=\"wp-page\" data-elementor-id=\"4745\" class=\"elementor elementor-4745\" data-elementor-post-type=\"page\">\n\t\t\t\t<div class=\"elementor-element elementor-element-bbb0356 e-flex e-con-boxed e-con e-parent\" data-id=\"bbb0356\" data-element_type=\"container\" data-e-type=\"container\">\n\t\t\t\t\t<div class=\"e-con-inner\">\n\t\t\t\t<div class=\"elementor-element elementor-element-66d57ed elementor-widget elementor-widget-heading\" data-id=\"66d57ed\" data-element_type=\"widget\" data-e-type=\"widget\" data-widget_type=\"heading.default\">\n\t\t\t\t<div class=\"elementor-widget-container\">\n\t\t\t\t\t<h1 class=\"elementor-heading-title elementor-size-default\">Metal details<\/h1>\t\t\t\t<\/div>\n\t\t\t\t<\/div>\n\t\t\t\t<div class=\"elementor-element elementor-element-cdcd80d elementor-widget elementor-widget-heading\" data-id=\"cdcd80d\" data-element_type=\"widget\" data-e-type=\"widget\" data-widget_type=\"heading.default\">\n\t\t\t\t<div class=\"elementor-widget-container\">\n\t\t\t\t\t<h5 class=\"elementor-heading-title elementor-size-default\">Strength, shine, and precision<\/h5>\t\t\t\t<\/div>\n\t\t\t\t<\/div>\n\t\t\t\t\t<\/div>\n\t\t\t\t<\/div>\n\t\t<div class=\"elementor-element elementor-element-97e288f e-con-full e-flex e-con e-parent\" data-id=\"97e288f\" data-element_type=\"container\" data-e-type=\"container\">\n\t\t\t\t<div class=\"elementor-element elementor-element-75601f8 elementor-widget elementor-widget-text-editor\" data-id=\"75601f8\" data-element_type=\"widget\" data-e-type=\"widget\" data-widget_type=\"text-editor.default\">\n\t\t\t\t<div class=\"elementor-widget-container\">\n\t\t\t\t\t\t\t\t\t<p>Metal details add contrast and definition to the designs. Each piece is produced using techniques that ensure dimensional stability, durability, and a flawless surface. With finishes in different tones and levels of gloss, our metal ornaments provide both functional and decorative solutions that enrich the visual appeal of every collection.<\/p>\t\t\t\t\t\t\t\t<\/div>\n\t\t\t\t<\/div>\n\t\t\t\t<div class=\"elementor-element elementor-element-ff33b46 elementor-widget elementor-widget-gallery\" data-id=\"ff33b46\" data-element_type=\"widget\" data-e-type=\"widget\" data-settings=\"{&quot;gallery_layout&quot;:&quot;masonry&quot;,&quot;columns&quot;:2,&quot;lazyload&quot;:&quot;yes&quot;,&quot;columns_tablet&quot;:2,&quot;columns_mobile&quot;:1,&quot;gap&quot;:{&quot;unit&quot;:&quot;px&quot;,&quot;size&quot;:10,&quot;sizes&quot;:[]},&quot;gap_tablet&quot;:{&quot;unit&quot;:&quot;px&quot;,&quot;size&quot;:10,&quot;sizes&quot;:[]},&quot;gap_mobile&quot;:{&quot;unit&quot;:&quot;px&quot;,&quot;size&quot;:10,&quot;sizes&quot;:[]},&quot;link_to&quot;:&quot;file&quot;,&quot;overlay_background&quot;:&quot;yes&quot;,&quot;content_hover_animation&quot;:&quot;fade-in&quot;}\" data-widget_type=\"gallery.default\">\n\t\t\t\t<div class=\"elementor-widget-container\">\n\t\t\t\t\t\t\t<div class=\"elementor-gallery__container\">\n\t\t\t\t\t\t\t<a class=\"e-gallery-item elementor-gallery-item elementor-animated-content\" href=\"https:\/\/fdfamodesign.com\/wp-content\/uploads\/2025\/11\/famo-invierno26-adornos-detalles-en-metal-galeria-1.webp\" data-elementor-open-lightbox=\"yes\" data-elementor-lightbox-slideshow=\"ff33b46\" data-elementor-lightbox-title=\"famo-invierno26-adornos-detalles-en-metal-galeria-1\" data-e-action-hash=\"#elementor-action%3Aaction%3Dlightbox%26settings%3DeyJpZCI6NDkzNSwidXJsIjoiaHR0cHM6XC9cL2ZkZmFtb2Rlc2lnbi5jb21cL3dwLWNvbnRlbnRcL3VwbG9hZHNcLzIwMjVcLzExXC9mYW1vLWludmllcm5vMjYtYWRvcm5vcy1kZXRhbGxlcy1lbi1tZXRhbC1nYWxlcmlhLTEud2VicCIsInNsaWRlc2hvdyI6ImZmMzNiNDYifQ%3D%3D\">\n\t\t\t\t\t<div class=\"e-gallery-image elementor-gallery-item__image\" data-thumbnail=\"https:\/\/fdfamodesign.com\/wp-content\/uploads\/2025\/11\/famo-invierno26-adornos-detalles-en-metal-galeria-1.webp\" data-width=\"640\" data-height=\"426\" aria-label=\"\" role=\"img\" ><\/div>\n\t\t\t\t\t\t\t\t\t\t\t<div class=\"elementor-gallery-item__overlay\"><\/div>\n\t\t\t\t\t\t\t\t\t\t\t\t\t\t<\/a>\n\t\t\t\t\t\t\t<a class=\"e-gallery-item elementor-gallery-item elementor-animated-content\" href=\"https:\/\/fdfamodesign.com\/wp-content\/uploads\/2025\/11\/famo-invierno26-adornos-detalles-en-metal-galeria-2.webp\" data-elementor-open-lightbox=\"yes\" data-elementor-lightbox-slideshow=\"ff33b46\" data-elementor-lightbox-title=\"famo-invierno26-adornos-detalles-en-metal-galeria-2\" data-e-action-hash=\"#elementor-action%3Aaction%3Dlightbox%26settings%3DeyJpZCI6NDkzNiwidXJsIjoiaHR0cHM6XC9cL2ZkZmFtb2Rlc2lnbi5jb21cL3dwLWNvbnRlbnRcL3VwbG9hZHNcLzIwMjVcLzExXC9mYW1vLWludmllcm5vMjYtYWRvcm5vcy1kZXRhbGxlcy1lbi1tZXRhbC1nYWxlcmlhLTIud2VicCIsInNsaWRlc2hvdyI6ImZmMzNiNDYifQ%3D%3D\">\n\t\t\t\t\t<div class=\"e-gallery-image elementor-gallery-item__image\" data-thumbnail=\"https:\/\/fdfamodesign.com\/wp-content\/uploads\/2025\/11\/famo-invierno26-adornos-detalles-en-metal-galeria-2.webp\" data-width=\"640\" data-height=\"426\" aria-label=\"\" role=\"img\" ><\/div>\n\t\t\t\t\t\t\t\t\t\t\t<div class=\"elementor-gallery-item__overlay\"><\/div>\n\t\t\t\t\t\t\t\t\t\t\t\t\t\t<\/a>\n\t\t\t\t\t<\/div>\n\t\t\t\t\t<\/div>\n\t\t\t\t<\/div>\n\t\t\t\t<\/div>\n\t\t\t\t<\/div>","protected":false},"excerpt":{"rendered":"<p>Resistencia, brillo y precisi\u00f3n Los detalles met\u00e1licos aportan contraste y definici\u00f3n a los dise\u00f1os. Cada&hellip;<\/p>","protected":false},"author":1,"featured_media":4935,"parent":4310,"menu_order":0,"comment_status":"closed","ping_status":"closed","template":"","meta":{"footnotes":""},"class_list":["post-4745","page","type-page","status-publish","has-post-thumbnail","hentry"],"yoast_head":"<!-- This site is optimized with the Yoast SEO plugin v27.1.1 - https:\/\/yoast.com\/product\/yoast-seo-wordpress\/ -->\n<title>Detalles en metal - Famo Design<\/title>\n<meta name=\"robots\" content=\"index, follow, max-snippet:-1, max-image-preview:large, max-video-preview:-1\" \/>\n<link rel=\"canonical\" href=\"https:\/\/fdfamodesign.com\/en\/adornos\/detalles-en-metal\/\" \/>\n<meta property=\"og:locale\" content=\"en_GB\" \/>\n<meta property=\"og:type\" content=\"article\" \/>\n<meta property=\"og:title\" content=\"Detalles en metal - Famo Design\" \/>\n<meta property=\"og:description\" content=\"Resistencia, brillo y precisi\u00f3n Los detalles met\u00e1licos aportan contraste y definici\u00f3n a los dise\u00f1os. Cada&hellip;\" \/>\n<meta property=\"og:url\" content=\"https:\/\/fdfamodesign.com\/en\/adornos\/detalles-en-metal\/\" \/>\n<meta property=\"og:site_name\" content=\"Famo Design\" \/>\n<meta property=\"article:publisher\" content=\"https:\/\/www.facebook.com\/famodesing\/\" \/>\n<meta property=\"article:modified_time\" content=\"2025-11-05T15:29:07+00:00\" \/>\n<meta property=\"og:image\" content=\"https:\/\/fdfamodesign.com\/wp-content\/uploads\/2025\/11\/famo-invierno26-adornos-detalles-en-metal-galeria-1.webp\" \/>\n\t<meta property=\"og:image:width\" content=\"800\" \/>\n\t<meta property=\"og:image:height\" content=\"533\" \/>\n\t<meta property=\"og:image:type\" content=\"image\/jpeg\" \/>\n<meta name=\"twitter:card\" content=\"summary_large_image\" \/>\n<meta name=\"twitter:label1\" content=\"Estimated reading time\" \/>\n\t<meta name=\"twitter:data1\" content=\"1 minute\" \/>\n<script type=\"application\/ld+json\" class=\"yoast-schema-graph\">{\"@context\":\"https:\/\/schema.org\",\"@graph\":[{\"@type\":\"WebPage\",\"@id\":\"https:\/\/fdfamodesign.com\/adornos\/detalles-en-metal\/\",\"url\":\"https:\/\/fdfamodesign.com\/adornos\/detalles-en-metal\/\",\"name\":\"Detalles en metal - Famo Design\",\"isPartOf\":{\"@id\":\"https:\/\/fdfamodesign.com\/#website\"},\"primaryImageOfPage\":{\"@id\":\"https:\/\/fdfamodesign.com\/adornos\/detalles-en-metal\/#primaryimage\"},\"image\":{\"@id\":\"https:\/\/fdfamodesign.com\/adornos\/detalles-en-metal\/#primaryimage\"},\"thumbnailUrl\":\"https:\/\/fdfamodesign.com\/wp-content\/uploads\/2025\/11\/famo-invierno26-adornos-detalles-en-metal-galeria-1.webp\",\"datePublished\":\"2025-11-04T09:11:32+00:00\",\"dateModified\":\"2025-11-05T15:29:07+00:00\",\"breadcrumb\":{\"@id\":\"https:\/\/fdfamodesign.com\/adornos\/detalles-en-metal\/#breadcrumb\"},\"inLanguage\":\"en-GB\",\"potentialAction\":[{\"@type\":\"ReadAction\",\"target\":[\"https:\/\/fdfamodesign.com\/adornos\/detalles-en-metal\/\"]}]},{\"@type\":\"ImageObject\",\"inLanguage\":\"en-GB\",\"@id\":\"https:\/\/fdfamodesign.com\/adornos\/detalles-en-metal\/#primaryimage\",\"url\":\"https:\/\/fdfamodesign.com\/wp-content\/uploads\/2025\/11\/famo-invierno26-adornos-detalles-en-metal-galeria-1.webp\",\"contentUrl\":\"https:\/\/fdfamodesign.com\/wp-content\/uploads\/2025\/11\/famo-invierno26-adornos-detalles-en-metal-galeria-1.webp\",\"width\":800,\"height\":533},{\"@type\":\"BreadcrumbList\",\"@id\":\"https:\/\/fdfamodesign.com\/adornos\/detalles-en-metal\/#breadcrumb\",\"itemListElement\":[{\"@type\":\"ListItem\",\"position\":1,\"name\":\"Portada\",\"item\":\"https:\/\/fdfamodesign.com\/\"},{\"@type\":\"ListItem\",\"position\":2,\"name\":\"Adornos\",\"item\":\"https:\/\/fdfamodesign.com\/adornos\/\"},{\"@type\":\"ListItem\",\"position\":3,\"name\":\"Detalles en metal\"}]},{\"@type\":\"WebSite\",\"@id\":\"https:\/\/fdfamodesign.com\/#website\",\"url\":\"https:\/\/fdfamodesign.com\/\",\"name\":\"Famo Design\",\"description\":\"Servicios, productos y materias para calzado\",\"potentialAction\":[{\"@type\":\"SearchAction\",\"target\":{\"@type\":\"EntryPoint\",\"urlTemplate\":\"https:\/\/fdfamodesign.com\/?s={search_term_string}\"},\"query-input\":{\"@type\":\"PropertyValueSpecification\",\"valueRequired\":true,\"valueName\":\"search_term_string\"}}],\"inLanguage\":\"en-GB\"}]}<\/script>\n<!-- \/ Yoast SEO plugin. -->","yoast_head_json":{"title":"Detalles en metal - Famo Design","robots":{"index":"index","follow":"follow","max-snippet":"max-snippet:-1","max-image-preview":"max-image-preview:large","max-video-preview":"max-video-preview:-1"},"canonical":"https:\/\/fdfamodesign.com\/en\/adornos\/detalles-en-metal\/","og_locale":"en_GB","og_type":"article","og_title":"Detalles en metal - Famo Design","og_description":"Resistencia, brillo y precisi\u00f3n Los detalles met\u00e1licos aportan contraste y definici\u00f3n a los dise\u00f1os. Cada&hellip;","og_url":"https:\/\/fdfamodesign.com\/en\/adornos\/detalles-en-metal\/","og_site_name":"Famo Design","article_publisher":"https:\/\/www.facebook.com\/famodesing\/","article_modified_time":"2025-11-05T15:29:07+00:00","og_image":[{"width":800,"height":533,"url":"https:\/\/fdfamodesign.com\/wp-content\/uploads\/2025\/11\/famo-invierno26-adornos-detalles-en-metal-galeria-1.webp","type":"image\/jpeg"}],"twitter_card":"summary_large_image","twitter_misc":{"Estimated reading time":"1 minute"},"schema":{"@context":"https:\/\/schema.org","@graph":[{"@type":"WebPage","@id":"https:\/\/fdfamodesign.com\/adornos\/detalles-en-metal\/","url":"https:\/\/fdfamodesign.com\/adornos\/detalles-en-metal\/","name":"Detalles en metal - Famo Design","isPartOf":{"@id":"https:\/\/fdfamodesign.com\/#website"},"primaryImageOfPage":{"@id":"https:\/\/fdfamodesign.com\/adornos\/detalles-en-metal\/#primaryimage"},"image":{"@id":"https:\/\/fdfamodesign.com\/adornos\/detalles-en-metal\/#primaryimage"},"thumbnailUrl":"https:\/\/fdfamodesign.com\/wp-content\/uploads\/2025\/11\/famo-invierno26-adornos-detalles-en-metal-galeria-1.webp","datePublished":"2025-11-04T09:11:32+00:00","dateModified":"2025-11-05T15:29:07+00:00","breadcrumb":{"@id":"https:\/\/fdfamodesign.com\/adornos\/detalles-en-metal\/#breadcrumb"},"inLanguage":"en-GB","potentialAction":[{"@type":"ReadAction","target":["https:\/\/fdfamodesign.com\/adornos\/detalles-en-metal\/"]}]},{"@type":"ImageObject","inLanguage":"en-GB","@id":"https:\/\/fdfamodesign.com\/adornos\/detalles-en-metal\/#primaryimage","url":"https:\/\/fdfamodesign.com\/wp-content\/uploads\/2025\/11\/famo-invierno26-adornos-detalles-en-metal-galeria-1.webp","contentUrl":"https:\/\/fdfamodesign.com\/wp-content\/uploads\/2025\/11\/famo-invierno26-adornos-detalles-en-metal-galeria-1.webp","width":800,"height":533},{"@type":"BreadcrumbList","@id":"https:\/\/fdfamodesign.com\/adornos\/detalles-en-metal\/#breadcrumb","itemListElement":[{"@type":"ListItem","position":1,"name":"Portada","item":"https:\/\/fdfamodesign.com\/"},{"@type":"ListItem","position":2,"name":"Adornos","item":"https:\/\/fdfamodesign.com\/adornos\/"},{"@type":"ListItem","position":3,"name":"Detalles en metal"}]},{"@type":"WebSite","@id":"https:\/\/fdfamodesign.com\/#website","url":"https:\/\/fdfamodesign.com\/","name":"Famo Design","description":"Servicios, productos y materias para calzado","potentialAction":[{"@type":"SearchAction","target":{"@type":"EntryPoint","urlTemplate":"https:\/\/fdfamodesign.com\/?s={search_term_string}"},"query-input":{"@type":"PropertyValueSpecification","valueRequired":true,"valueName":"search_term_string"}}],"inLanguage":"en-GB"}]}},"_links":{"self":[{"href":"https:\/\/fdfamodesign.com\/en\/wp-json\/wp\/v2\/pages\/4745","targetHints":{"allow":["GET"]}}],"collection":[{"href":"https:\/\/fdfamodesign.com\/en\/wp-json\/wp\/v2\/pages"}],"about":[{"href":"https:\/\/fdfamodesign.com\/en\/wp-json\/wp\/v2\/types\/page"}],"author":[{"embeddable":true,"href":"https:\/\/fdfamodesign.com\/en\/wp-json\/wp\/v2\/users\/1"}],"replies":[{"embeddable":true,"href":"https:\/\/fdfamodesign.com\/en\/wp-json\/wp\/v2\/comments?post=4745"}],"version-history":[{"count":4,"href":"https:\/\/fdfamodesign.com\/en\/wp-json\/wp\/v2\/pages\/4745\/revisions"}],"predecessor-version":[{"id":4939,"href":"https:\/\/fdfamodesign.com\/en\/wp-json\/wp\/v2\/pages\/4745\/revisions\/4939"}],"up":[{"embeddable":true,"href":"https:\/\/fdfamodesign.com\/en\/wp-json\/wp\/v2\/pages\/4310"}],"wp:featuredmedia":[{"embeddable":true,"href":"https:\/\/fdfamodesign.com\/en\/wp-json\/wp\/v2\/media\/4935"}],"wp:attachment":[{"href":"https:\/\/fdfamodesign.com\/en\/wp-json\/wp\/v2\/media?parent=4745"}],"curies":[{"name":"wp","href":"https:\/\/api.w.org\/{rel}","templated":true}]}}