{"id":4729,"date":"2025-11-04T10:04:02","date_gmt":"2025-11-04T09:04:02","guid":{"rendered":"https:\/\/fdfamodesign.com\/?page_id=4729"},"modified":"2025-11-05T12:10:02","modified_gmt":"2025-11-05T11:10:02","slug":"trebillas","status":"publish","type":"page","link":"https:\/\/fdfamodesign.com\/en\/trabas-y-trebillas\/trebillas\/","title":{"rendered":"Keepers"},"content":{"rendered":"<div data-elementor-type=\"wp-page\" data-elementor-id=\"4729\" class=\"elementor elementor-4729\" data-elementor-post-type=\"page\">\n\t\t\t\t<div class=\"elementor-element elementor-element-bbb0356 e-flex e-con-boxed e-con e-parent\" data-id=\"bbb0356\" data-element_type=\"container\" data-e-type=\"container\">\n\t\t\t\t\t<div class=\"e-con-inner\">\n\t\t\t\t<div class=\"elementor-element elementor-element-66d57ed elementor-widget elementor-widget-heading\" data-id=\"66d57ed\" data-element_type=\"widget\" data-e-type=\"widget\" data-widget_type=\"heading.default\">\n\t\t\t\t<div class=\"elementor-widget-container\">\n\t\t\t\t\t<h1 class=\"elementor-heading-title elementor-size-default\">Keepers<\/h1>\t\t\t\t<\/div>\n\t\t\t\t<\/div>\n\t\t\t\t<div class=\"elementor-element elementor-element-cdcd80d elementor-widget elementor-widget-heading\" data-id=\"cdcd80d\" data-element_type=\"widget\" data-e-type=\"widget\" data-widget_type=\"heading.default\">\n\t\t\t\t<div class=\"elementor-widget-container\">\n\t\t\t\t\t<h5 class=\"elementor-heading-title elementor-size-default\">Connection with its own style.<\/h5>\t\t\t\t<\/div>\n\t\t\t\t<\/div>\n\t\t\t\t\t<\/div>\n\t\t\t\t<\/div>\n\t\t<div class=\"elementor-element elementor-element-97e288f e-con-full e-flex e-con e-parent\" data-id=\"97e288f\" data-element_type=\"container\" data-e-type=\"container\">\n\t\t\t\t<div class=\"elementor-element elementor-element-75601f8 elementor-widget elementor-widget-text-editor\" data-id=\"75601f8\" data-element_type=\"widget\" data-e-type=\"widget\" data-widget_type=\"text-editor.default\">\n\t\t\t\t<div class=\"elementor-widget-container\">\n\t\t\t\t\t\t\t\t\t<p>Keepers combine design and practicality, becoming a detail that reinforces the product\u2019s identity.<\/p><p>Made from high-quality materials and versatile finishes, they can serve either as a structural component or as a decorative accent within the design.<\/p><p>Their adaptability makes them an essential resource for collections seeking a balance between technique, durability, and aesthetics.<\/p>\t\t\t\t\t\t\t\t<\/div>\n\t\t\t\t<\/div>\n\t\t\t\t<div class=\"elementor-element elementor-element-aeaf562 elementor-widget elementor-widget-image\" data-id=\"aeaf562\" data-element_type=\"widget\" data-e-type=\"widget\" data-widget_type=\"image.default\">\n\t\t\t\t<div class=\"elementor-widget-container\">\n\t\t\t\t\t\t\t\t\t\t\t\t\t\t\t<img fetchpriority=\"high\" decoding=\"async\" width=\"1200\" height=\"500\" src=\"https:\/\/fdfamodesign.com\/wp-content\/uploads\/2025\/11\/famo-invierno26-trebillas-wide.webp\" class=\"attachment-full size-full wp-image-4862\" alt=\"\" srcset=\"https:\/\/fdfamodesign.com\/wp-content\/uploads\/2025\/11\/famo-invierno26-trebillas-wide.webp 1200w, https:\/\/fdfamodesign.com\/wp-content\/uploads\/2025\/11\/famo-invierno26-trebillas-wide-300x125.webp 300w, https:\/\/fdfamodesign.com\/wp-content\/uploads\/2025\/11\/famo-invierno26-trebillas-wide-1024x427.webp 1024w, https:\/\/fdfamodesign.com\/wp-content\/uploads\/2025\/11\/famo-invierno26-trebillas-wide-768x320.webp 768w, https:\/\/fdfamodesign.com\/wp-content\/uploads\/2025\/11\/famo-invierno26-trebillas-wide-18x8.webp 18w, https:\/\/fdfamodesign.com\/wp-content\/uploads\/2025\/11\/famo-invierno26-trebillas-wide-565x235.webp 565w\" sizes=\"(max-width: 1200px) 100vw, 1200px\" \/>\t\t\t\t\t\t\t\t\t\t\t\t\t\t\t<\/div>\n\t\t\t\t<\/div>\n\t\t\t\t<\/div>\n\t\t\t\t<\/div>","protected":false},"excerpt":{"rendered":"<p>Uni\u00f3n con estilo propio. Las trebillas combinan dise\u00f1o y practicidad, convirti\u00e9ndose en un detalle que&hellip;<\/p>","protected":false},"author":1,"featured_media":4852,"parent":4724,"menu_order":0,"comment_status":"closed","ping_status":"closed","template":"","meta":{"footnotes":""},"class_list":["post-4729","page","type-page","status-publish","has-post-thumbnail","hentry"],"yoast_head":"<!-- This site is optimized with the Yoast SEO plugin v27.1.1 - https:\/\/yoast.com\/product\/yoast-seo-wordpress\/ -->\n<title>Trebillas - Famo Design<\/title>\n<meta name=\"robots\" content=\"index, follow, max-snippet:-1, max-image-preview:large, max-video-preview:-1\" \/>\n<link rel=\"canonical\" href=\"https:\/\/fdfamodesign.com\/en\/trabas-y-trebillas\/trebillas\/\" \/>\n<meta property=\"og:locale\" content=\"en_GB\" \/>\n<meta property=\"og:type\" content=\"article\" \/>\n<meta property=\"og:title\" content=\"Trebillas - Famo Design\" \/>\n<meta property=\"og:description\" content=\"Uni\u00f3n con estilo propio. Las trebillas combinan dise\u00f1o y practicidad, convirti\u00e9ndose en un detalle que&hellip;\" \/>\n<meta property=\"og:url\" content=\"https:\/\/fdfamodesign.com\/en\/trabas-y-trebillas\/trebillas\/\" \/>\n<meta property=\"og:site_name\" content=\"Famo Design\" \/>\n<meta property=\"article:publisher\" content=\"https:\/\/www.facebook.com\/famodesing\/\" \/>\n<meta property=\"article:modified_time\" content=\"2025-11-05T11:10:02+00:00\" \/>\n<meta property=\"og:image\" content=\"https:\/\/fdfamodesign.com\/wp-content\/uploads\/2025\/11\/famo-invierno26-trebillas-destacada.webp\" \/>\n\t<meta property=\"og:image:width\" content=\"1200\" \/>\n\t<meta property=\"og:image:height\" content=\"800\" \/>\n\t<meta property=\"og:image:type\" content=\"image\/jpeg\" \/>\n<meta name=\"twitter:card\" content=\"summary_large_image\" \/>\n<meta name=\"twitter:label1\" content=\"Estimated reading time\" \/>\n\t<meta name=\"twitter:data1\" content=\"1 minute\" \/>\n<script type=\"application\/ld+json\" class=\"yoast-schema-graph\">{\"@context\":\"https:\/\/schema.org\",\"@graph\":[{\"@type\":\"WebPage\",\"@id\":\"https:\/\/fdfamodesign.com\/trabas-y-trebillas\/trebillas\/\",\"url\":\"https:\/\/fdfamodesign.com\/trabas-y-trebillas\/trebillas\/\",\"name\":\"Trebillas - Famo Design\",\"isPartOf\":{\"@id\":\"https:\/\/fdfamodesign.com\/#website\"},\"primaryImageOfPage\":{\"@id\":\"https:\/\/fdfamodesign.com\/trabas-y-trebillas\/trebillas\/#primaryimage\"},\"image\":{\"@id\":\"https:\/\/fdfamodesign.com\/trabas-y-trebillas\/trebillas\/#primaryimage\"},\"thumbnailUrl\":\"https:\/\/fdfamodesign.com\/wp-content\/uploads\/2025\/11\/famo-invierno26-trebillas-destacada.webp\",\"datePublished\":\"2025-11-04T09:04:02+00:00\",\"dateModified\":\"2025-11-05T11:10:02+00:00\",\"breadcrumb\":{\"@id\":\"https:\/\/fdfamodesign.com\/trabas-y-trebillas\/trebillas\/#breadcrumb\"},\"inLanguage\":\"en-GB\",\"potentialAction\":[{\"@type\":\"ReadAction\",\"target\":[\"https:\/\/fdfamodesign.com\/trabas-y-trebillas\/trebillas\/\"]}]},{\"@type\":\"ImageObject\",\"inLanguage\":\"en-GB\",\"@id\":\"https:\/\/fdfamodesign.com\/trabas-y-trebillas\/trebillas\/#primaryimage\",\"url\":\"https:\/\/fdfamodesign.com\/wp-content\/uploads\/2025\/11\/famo-invierno26-trebillas-destacada.webp\",\"contentUrl\":\"https:\/\/fdfamodesign.com\/wp-content\/uploads\/2025\/11\/famo-invierno26-trebillas-destacada.webp\",\"width\":1200,\"height\":800},{\"@type\":\"BreadcrumbList\",\"@id\":\"https:\/\/fdfamodesign.com\/trabas-y-trebillas\/trebillas\/#breadcrumb\",\"itemListElement\":[{\"@type\":\"ListItem\",\"position\":1,\"name\":\"Portada\",\"item\":\"https:\/\/fdfamodesign.com\/\"},{\"@type\":\"ListItem\",\"position\":2,\"name\":\"Trabas y trebillas\",\"item\":\"https:\/\/fdfamodesign.com\/trabas-y-trebillas\/\"},{\"@type\":\"ListItem\",\"position\":3,\"name\":\"Trebillas\"}]},{\"@type\":\"WebSite\",\"@id\":\"https:\/\/fdfamodesign.com\/#website\",\"url\":\"https:\/\/fdfamodesign.com\/\",\"name\":\"Famo Design\",\"description\":\"Servicios, productos y materias para calzado\",\"potentialAction\":[{\"@type\":\"SearchAction\",\"target\":{\"@type\":\"EntryPoint\",\"urlTemplate\":\"https:\/\/fdfamodesign.com\/?s={search_term_string}\"},\"query-input\":{\"@type\":\"PropertyValueSpecification\",\"valueRequired\":true,\"valueName\":\"search_term_string\"}}],\"inLanguage\":\"en-GB\"}]}<\/script>\n<!-- \/ Yoast SEO plugin. -->","yoast_head_json":{"title":"Trebillas - Famo Design","robots":{"index":"index","follow":"follow","max-snippet":"max-snippet:-1","max-image-preview":"max-image-preview:large","max-video-preview":"max-video-preview:-1"},"canonical":"https:\/\/fdfamodesign.com\/en\/trabas-y-trebillas\/trebillas\/","og_locale":"en_GB","og_type":"article","og_title":"Trebillas - Famo Design","og_description":"Uni\u00f3n con estilo propio. Las trebillas combinan dise\u00f1o y practicidad, convirti\u00e9ndose en un detalle que&hellip;","og_url":"https:\/\/fdfamodesign.com\/en\/trabas-y-trebillas\/trebillas\/","og_site_name":"Famo Design","article_publisher":"https:\/\/www.facebook.com\/famodesing\/","article_modified_time":"2025-11-05T11:10:02+00:00","og_image":[{"width":1200,"height":800,"url":"https:\/\/fdfamodesign.com\/wp-content\/uploads\/2025\/11\/famo-invierno26-trebillas-destacada.webp","type":"image\/jpeg"}],"twitter_card":"summary_large_image","twitter_misc":{"Estimated reading time":"1 minute"},"schema":{"@context":"https:\/\/schema.org","@graph":[{"@type":"WebPage","@id":"https:\/\/fdfamodesign.com\/trabas-y-trebillas\/trebillas\/","url":"https:\/\/fdfamodesign.com\/trabas-y-trebillas\/trebillas\/","name":"Trebillas - Famo Design","isPartOf":{"@id":"https:\/\/fdfamodesign.com\/#website"},"primaryImageOfPage":{"@id":"https:\/\/fdfamodesign.com\/trabas-y-trebillas\/trebillas\/#primaryimage"},"image":{"@id":"https:\/\/fdfamodesign.com\/trabas-y-trebillas\/trebillas\/#primaryimage"},"thumbnailUrl":"https:\/\/fdfamodesign.com\/wp-content\/uploads\/2025\/11\/famo-invierno26-trebillas-destacada.webp","datePublished":"2025-11-04T09:04:02+00:00","dateModified":"2025-11-05T11:10:02+00:00","breadcrumb":{"@id":"https:\/\/fdfamodesign.com\/trabas-y-trebillas\/trebillas\/#breadcrumb"},"inLanguage":"en-GB","potentialAction":[{"@type":"ReadAction","target":["https:\/\/fdfamodesign.com\/trabas-y-trebillas\/trebillas\/"]}]},{"@type":"ImageObject","inLanguage":"en-GB","@id":"https:\/\/fdfamodesign.com\/trabas-y-trebillas\/trebillas\/#primaryimage","url":"https:\/\/fdfamodesign.com\/wp-content\/uploads\/2025\/11\/famo-invierno26-trebillas-destacada.webp","contentUrl":"https:\/\/fdfamodesign.com\/wp-content\/uploads\/2025\/11\/famo-invierno26-trebillas-destacada.webp","width":1200,"height":800},{"@type":"BreadcrumbList","@id":"https:\/\/fdfamodesign.com\/trabas-y-trebillas\/trebillas\/#breadcrumb","itemListElement":[{"@type":"ListItem","position":1,"name":"Portada","item":"https:\/\/fdfamodesign.com\/"},{"@type":"ListItem","position":2,"name":"Trabas y trebillas","item":"https:\/\/fdfamodesign.com\/trabas-y-trebillas\/"},{"@type":"ListItem","position":3,"name":"Trebillas"}]},{"@type":"WebSite","@id":"https:\/\/fdfamodesign.com\/#website","url":"https:\/\/fdfamodesign.com\/","name":"Famo Design","description":"Servicios, productos y materias para calzado","potentialAction":[{"@type":"SearchAction","target":{"@type":"EntryPoint","urlTemplate":"https:\/\/fdfamodesign.com\/?s={search_term_string}"},"query-input":{"@type":"PropertyValueSpecification","valueRequired":true,"valueName":"search_term_string"}}],"inLanguage":"en-GB"}]}},"_links":{"self":[{"href":"https:\/\/fdfamodesign.com\/en\/wp-json\/wp\/v2\/pages\/4729","targetHints":{"allow":["GET"]}}],"collection":[{"href":"https:\/\/fdfamodesign.com\/en\/wp-json\/wp\/v2\/pages"}],"about":[{"href":"https:\/\/fdfamodesign.com\/en\/wp-json\/wp\/v2\/types\/page"}],"author":[{"embeddable":true,"href":"https:\/\/fdfamodesign.com\/en\/wp-json\/wp\/v2\/users\/1"}],"replies":[{"embeddable":true,"href":"https:\/\/fdfamodesign.com\/en\/wp-json\/wp\/v2\/comments?post=4729"}],"version-history":[{"count":4,"href":"https:\/\/fdfamodesign.com\/en\/wp-json\/wp\/v2\/pages\/4729\/revisions"}],"predecessor-version":[{"id":4865,"href":"https:\/\/fdfamodesign.com\/en\/wp-json\/wp\/v2\/pages\/4729\/revisions\/4865"}],"up":[{"embeddable":true,"href":"https:\/\/fdfamodesign.com\/en\/wp-json\/wp\/v2\/pages\/4724"}],"wp:featuredmedia":[{"embeddable":true,"href":"https:\/\/fdfamodesign.com\/en\/wp-json\/wp\/v2\/media\/4852"}],"wp:attachment":[{"href":"https:\/\/fdfamodesign.com\/en\/wp-json\/wp\/v2\/media?parent=4729"}],"curies":[{"name":"wp","href":"https:\/\/api.w.org\/{rel}","templated":true}]}}