{"id":4726,"date":"2025-11-04T10:03:52","date_gmt":"2025-11-04T09:03:52","guid":{"rendered":"https:\/\/fdfamodesign.com\/?page_id=4726"},"modified":"2025-11-05T12:06:56","modified_gmt":"2025-11-05T11:06:56","slug":"trabas","status":"publish","type":"page","link":"https:\/\/fdfamodesign.com\/en\/trabas-y-trebillas\/trabas\/","title":{"rendered":"Loops"},"content":{"rendered":"<div data-elementor-type=\"wp-page\" data-elementor-id=\"4726\" class=\"elementor elementor-4726\" data-elementor-post-type=\"page\">\n\t\t\t\t<div class=\"elementor-element elementor-element-bbb0356 e-flex e-con-boxed e-con e-parent\" data-id=\"bbb0356\" data-element_type=\"container\" data-e-type=\"container\">\n\t\t\t\t\t<div class=\"e-con-inner\">\n\t\t\t\t<div class=\"elementor-element elementor-element-66d57ed elementor-widget elementor-widget-heading\" data-id=\"66d57ed\" data-element_type=\"widget\" data-e-type=\"widget\" data-widget_type=\"heading.default\">\n\t\t\t\t<div class=\"elementor-widget-container\">\n\t\t\t\t\t<h1 class=\"elementor-heading-title elementor-size-default\">Loops<\/h1>\t\t\t\t<\/div>\n\t\t\t\t<\/div>\n\t\t\t\t<div class=\"elementor-element elementor-element-cdcd80d elementor-widget elementor-widget-heading\" data-id=\"cdcd80d\" data-element_type=\"widget\" data-e-type=\"widget\" data-widget_type=\"heading.default\">\n\t\t\t\t<div class=\"elementor-widget-container\">\n\t\t\t\t\t<h5 class=\"elementor-heading-title elementor-size-default\">Precision, form and detail.<\/h5>\t\t\t\t<\/div>\n\t\t\t\t<\/div>\n\t\t\t\t\t<\/div>\n\t\t\t\t<\/div>\n\t\t<div class=\"elementor-element elementor-element-97e288f e-con-full e-flex e-con e-parent\" data-id=\"97e288f\" data-element_type=\"container\" data-e-type=\"container\">\n\t\t\t\t<div class=\"elementor-element elementor-element-75601f8 elementor-widget elementor-widget-text-editor\" data-id=\"75601f8\" data-element_type=\"widget\" data-e-type=\"widget\" data-widget_type=\"text-editor.default\">\n\t\t\t\t<div class=\"elementor-widget-container\">\n\t\t\t\t\t\t\t\t\t<p>Our clasps are designed to combine functionality and aesthetics in a single element.<\/p><p>Each piece is developed with attention to ergonomics, strength, and the visual harmony of the whole.<\/p><p>Available in different materials, colors, and finishes, they offer a wide range of customization options and easily adapt to any style or production scale.<\/p>\t\t\t\t\t\t\t\t<\/div>\n\t\t\t\t<\/div>\n\t\t\t\t<div class=\"elementor-element elementor-element-ff33b46 elementor-widget elementor-widget-gallery\" data-id=\"ff33b46\" data-element_type=\"widget\" data-e-type=\"widget\" data-settings=\"{&quot;gallery_layout&quot;:&quot;masonry&quot;,&quot;columns&quot;:2,&quot;lazyload&quot;:&quot;yes&quot;,&quot;columns_tablet&quot;:2,&quot;columns_mobile&quot;:1,&quot;gap&quot;:{&quot;unit&quot;:&quot;px&quot;,&quot;size&quot;:10,&quot;sizes&quot;:[]},&quot;gap_tablet&quot;:{&quot;unit&quot;:&quot;px&quot;,&quot;size&quot;:10,&quot;sizes&quot;:[]},&quot;gap_mobile&quot;:{&quot;unit&quot;:&quot;px&quot;,&quot;size&quot;:10,&quot;sizes&quot;:[]},&quot;link_to&quot;:&quot;file&quot;,&quot;overlay_background&quot;:&quot;yes&quot;,&quot;content_hover_animation&quot;:&quot;fade-in&quot;}\" data-widget_type=\"gallery.default\">\n\t\t\t\t<div class=\"elementor-widget-container\">\n\t\t\t\t\t\t\t<div class=\"elementor-gallery__container\">\n\t\t\t\t\t\t\t<a class=\"e-gallery-item elementor-gallery-item elementor-animated-content\" href=\"https:\/\/fdfamodesign.com\/wp-content\/uploads\/2025\/11\/famo-invierno26-trabas-galeria-1.webp\" data-elementor-open-lightbox=\"yes\" data-elementor-lightbox-slideshow=\"ff33b46\" data-elementor-lightbox-title=\"famo-invierno26-trabas-galeria-1\" data-e-action-hash=\"#elementor-action%3Aaction%3Dlightbox%26settings%3DeyJpZCI6NDg1NywidXJsIjoiaHR0cHM6XC9cL2ZkZmFtb2Rlc2lnbi5jb21cL3dwLWNvbnRlbnRcL3VwbG9hZHNcLzIwMjVcLzExXC9mYW1vLWludmllcm5vMjYtdHJhYmFzLWdhbGVyaWEtMS53ZWJwIiwic2xpZGVzaG93IjoiZmYzM2I0NiJ9\">\n\t\t\t\t\t<div class=\"e-gallery-image elementor-gallery-item__image\" data-thumbnail=\"https:\/\/fdfamodesign.com\/wp-content\/uploads\/2025\/11\/famo-invierno26-trabas-galeria-1-1024x683.webp\" data-width=\"640\" data-height=\"427\" aria-label=\"\" role=\"img\" ><\/div>\n\t\t\t\t\t\t\t\t\t\t\t<div class=\"elementor-gallery-item__overlay\"><\/div>\n\t\t\t\t\t\t\t\t\t\t\t\t\t\t<\/a>\n\t\t\t\t\t\t\t<a class=\"e-gallery-item elementor-gallery-item elementor-animated-content\" href=\"https:\/\/fdfamodesign.com\/wp-content\/uploads\/2025\/11\/famo-invierno26-trabas-galeria-2.webp\" data-elementor-open-lightbox=\"yes\" data-elementor-lightbox-slideshow=\"ff33b46\" data-elementor-lightbox-title=\"famo-invierno26-trabas-galeria-2\" data-e-action-hash=\"#elementor-action%3Aaction%3Dlightbox%26settings%3DeyJpZCI6NDg1NiwidXJsIjoiaHR0cHM6XC9cL2ZkZmFtb2Rlc2lnbi5jb21cL3dwLWNvbnRlbnRcL3VwbG9hZHNcLzIwMjVcLzExXC9mYW1vLWludmllcm5vMjYtdHJhYmFzLWdhbGVyaWEtMi53ZWJwIiwic2xpZGVzaG93IjoiZmYzM2I0NiJ9\">\n\t\t\t\t\t<div class=\"e-gallery-image elementor-gallery-item__image\" data-thumbnail=\"https:\/\/fdfamodesign.com\/wp-content\/uploads\/2025\/11\/famo-invierno26-trabas-galeria-2-1024x683.webp\" data-width=\"640\" data-height=\"427\" aria-label=\"\" role=\"img\" ><\/div>\n\t\t\t\t\t\t\t\t\t\t\t<div class=\"elementor-gallery-item__overlay\"><\/div>\n\t\t\t\t\t\t\t\t\t\t\t\t\t\t<\/a>\n\t\t\t\t\t<\/div>\n\t\t\t\t\t<\/div>\n\t\t\t\t<\/div>\n\t\t\t\t<\/div>\n\t\t\t\t<\/div>","protected":false},"excerpt":{"rendered":"<p>Precisi\u00f3n, forma y detalle. Nuestras trabas est\u00e1n dise\u00f1adas para integrar funcionalidad y est\u00e9tica en un&hellip;<\/p>","protected":false},"author":1,"featured_media":4851,"parent":4724,"menu_order":0,"comment_status":"closed","ping_status":"closed","template":"","meta":{"footnotes":""},"class_list":["post-4726","page","type-page","status-publish","has-post-thumbnail","hentry"],"yoast_head":"<!-- This site is optimized with the Yoast SEO plugin v27.1.1 - https:\/\/yoast.com\/product\/yoast-seo-wordpress\/ -->\n<title>Trabas - Famo Design<\/title>\n<meta name=\"robots\" content=\"index, follow, max-snippet:-1, max-image-preview:large, max-video-preview:-1\" \/>\n<link rel=\"canonical\" href=\"https:\/\/fdfamodesign.com\/en\/trabas-y-trebillas\/trabas\/\" \/>\n<meta property=\"og:locale\" content=\"en_GB\" \/>\n<meta property=\"og:type\" content=\"article\" \/>\n<meta property=\"og:title\" content=\"Trabas - Famo Design\" \/>\n<meta property=\"og:description\" content=\"Precisi\u00f3n, forma y detalle. Nuestras trabas est\u00e1n dise\u00f1adas para integrar funcionalidad y est\u00e9tica en un&hellip;\" \/>\n<meta property=\"og:url\" content=\"https:\/\/fdfamodesign.com\/en\/trabas-y-trebillas\/trabas\/\" \/>\n<meta property=\"og:site_name\" content=\"Famo Design\" \/>\n<meta property=\"article:publisher\" content=\"https:\/\/www.facebook.com\/famodesing\/\" \/>\n<meta property=\"article:modified_time\" content=\"2025-11-05T11:06:56+00:00\" \/>\n<meta property=\"og:image\" content=\"https:\/\/fdfamodesign.com\/wp-content\/uploads\/2025\/11\/famo-invierno26-trabas-destacada.webp\" \/>\n\t<meta property=\"og:image:width\" content=\"1200\" \/>\n\t<meta property=\"og:image:height\" content=\"800\" \/>\n\t<meta property=\"og:image:type\" content=\"image\/jpeg\" \/>\n<meta name=\"twitter:card\" content=\"summary_large_image\" \/>\n<meta name=\"twitter:label1\" content=\"Estimated reading time\" \/>\n\t<meta name=\"twitter:data1\" content=\"1 minute\" \/>\n<script type=\"application\/ld+json\" class=\"yoast-schema-graph\">{\"@context\":\"https:\/\/schema.org\",\"@graph\":[{\"@type\":\"WebPage\",\"@id\":\"https:\/\/fdfamodesign.com\/trabas-y-trebillas\/trabas\/\",\"url\":\"https:\/\/fdfamodesign.com\/trabas-y-trebillas\/trabas\/\",\"name\":\"Trabas - Famo Design\",\"isPartOf\":{\"@id\":\"https:\/\/fdfamodesign.com\/#website\"},\"primaryImageOfPage\":{\"@id\":\"https:\/\/fdfamodesign.com\/trabas-y-trebillas\/trabas\/#primaryimage\"},\"image\":{\"@id\":\"https:\/\/fdfamodesign.com\/trabas-y-trebillas\/trabas\/#primaryimage\"},\"thumbnailUrl\":\"https:\/\/fdfamodesign.com\/wp-content\/uploads\/2025\/11\/famo-invierno26-trabas-destacada.webp\",\"datePublished\":\"2025-11-04T09:03:52+00:00\",\"dateModified\":\"2025-11-05T11:06:56+00:00\",\"breadcrumb\":{\"@id\":\"https:\/\/fdfamodesign.com\/trabas-y-trebillas\/trabas\/#breadcrumb\"},\"inLanguage\":\"en-GB\",\"potentialAction\":[{\"@type\":\"ReadAction\",\"target\":[\"https:\/\/fdfamodesign.com\/trabas-y-trebillas\/trabas\/\"]}]},{\"@type\":\"ImageObject\",\"inLanguage\":\"en-GB\",\"@id\":\"https:\/\/fdfamodesign.com\/trabas-y-trebillas\/trabas\/#primaryimage\",\"url\":\"https:\/\/fdfamodesign.com\/wp-content\/uploads\/2025\/11\/famo-invierno26-trabas-destacada.webp\",\"contentUrl\":\"https:\/\/fdfamodesign.com\/wp-content\/uploads\/2025\/11\/famo-invierno26-trabas-destacada.webp\",\"width\":1200,\"height\":800},{\"@type\":\"BreadcrumbList\",\"@id\":\"https:\/\/fdfamodesign.com\/trabas-y-trebillas\/trabas\/#breadcrumb\",\"itemListElement\":[{\"@type\":\"ListItem\",\"position\":1,\"name\":\"Portada\",\"item\":\"https:\/\/fdfamodesign.com\/\"},{\"@type\":\"ListItem\",\"position\":2,\"name\":\"Trabas y trebillas\",\"item\":\"https:\/\/fdfamodesign.com\/trabas-y-trebillas\/\"},{\"@type\":\"ListItem\",\"position\":3,\"name\":\"Trabas\"}]},{\"@type\":\"WebSite\",\"@id\":\"https:\/\/fdfamodesign.com\/#website\",\"url\":\"https:\/\/fdfamodesign.com\/\",\"name\":\"Famo Design\",\"description\":\"Servicios, productos y materias para calzado\",\"potentialAction\":[{\"@type\":\"SearchAction\",\"target\":{\"@type\":\"EntryPoint\",\"urlTemplate\":\"https:\/\/fdfamodesign.com\/?s={search_term_string}\"},\"query-input\":{\"@type\":\"PropertyValueSpecification\",\"valueRequired\":true,\"valueName\":\"search_term_string\"}}],\"inLanguage\":\"en-GB\"}]}<\/script>\n<!-- \/ Yoast SEO plugin. -->","yoast_head_json":{"title":"Trabas - Famo Design","robots":{"index":"index","follow":"follow","max-snippet":"max-snippet:-1","max-image-preview":"max-image-preview:large","max-video-preview":"max-video-preview:-1"},"canonical":"https:\/\/fdfamodesign.com\/en\/trabas-y-trebillas\/trabas\/","og_locale":"en_GB","og_type":"article","og_title":"Trabas - Famo Design","og_description":"Precisi\u00f3n, forma y detalle. Nuestras trabas est\u00e1n dise\u00f1adas para integrar funcionalidad y est\u00e9tica en un&hellip;","og_url":"https:\/\/fdfamodesign.com\/en\/trabas-y-trebillas\/trabas\/","og_site_name":"Famo Design","article_publisher":"https:\/\/www.facebook.com\/famodesing\/","article_modified_time":"2025-11-05T11:06:56+00:00","og_image":[{"width":1200,"height":800,"url":"https:\/\/fdfamodesign.com\/wp-content\/uploads\/2025\/11\/famo-invierno26-trabas-destacada.webp","type":"image\/jpeg"}],"twitter_card":"summary_large_image","twitter_misc":{"Estimated reading time":"1 minute"},"schema":{"@context":"https:\/\/schema.org","@graph":[{"@type":"WebPage","@id":"https:\/\/fdfamodesign.com\/trabas-y-trebillas\/trabas\/","url":"https:\/\/fdfamodesign.com\/trabas-y-trebillas\/trabas\/","name":"Trabas - Famo Design","isPartOf":{"@id":"https:\/\/fdfamodesign.com\/#website"},"primaryImageOfPage":{"@id":"https:\/\/fdfamodesign.com\/trabas-y-trebillas\/trabas\/#primaryimage"},"image":{"@id":"https:\/\/fdfamodesign.com\/trabas-y-trebillas\/trabas\/#primaryimage"},"thumbnailUrl":"https:\/\/fdfamodesign.com\/wp-content\/uploads\/2025\/11\/famo-invierno26-trabas-destacada.webp","datePublished":"2025-11-04T09:03:52+00:00","dateModified":"2025-11-05T11:06:56+00:00","breadcrumb":{"@id":"https:\/\/fdfamodesign.com\/trabas-y-trebillas\/trabas\/#breadcrumb"},"inLanguage":"en-GB","potentialAction":[{"@type":"ReadAction","target":["https:\/\/fdfamodesign.com\/trabas-y-trebillas\/trabas\/"]}]},{"@type":"ImageObject","inLanguage":"en-GB","@id":"https:\/\/fdfamodesign.com\/trabas-y-trebillas\/trabas\/#primaryimage","url":"https:\/\/fdfamodesign.com\/wp-content\/uploads\/2025\/11\/famo-invierno26-trabas-destacada.webp","contentUrl":"https:\/\/fdfamodesign.com\/wp-content\/uploads\/2025\/11\/famo-invierno26-trabas-destacada.webp","width":1200,"height":800},{"@type":"BreadcrumbList","@id":"https:\/\/fdfamodesign.com\/trabas-y-trebillas\/trabas\/#breadcrumb","itemListElement":[{"@type":"ListItem","position":1,"name":"Portada","item":"https:\/\/fdfamodesign.com\/"},{"@type":"ListItem","position":2,"name":"Trabas y trebillas","item":"https:\/\/fdfamodesign.com\/trabas-y-trebillas\/"},{"@type":"ListItem","position":3,"name":"Trabas"}]},{"@type":"WebSite","@id":"https:\/\/fdfamodesign.com\/#website","url":"https:\/\/fdfamodesign.com\/","name":"Famo Design","description":"Servicios, productos y materias para calzado","potentialAction":[{"@type":"SearchAction","target":{"@type":"EntryPoint","urlTemplate":"https:\/\/fdfamodesign.com\/?s={search_term_string}"},"query-input":{"@type":"PropertyValueSpecification","valueRequired":true,"valueName":"search_term_string"}}],"inLanguage":"en-GB"}]}},"_links":{"self":[{"href":"https:\/\/fdfamodesign.com\/en\/wp-json\/wp\/v2\/pages\/4726","targetHints":{"allow":["GET"]}}],"collection":[{"href":"https:\/\/fdfamodesign.com\/en\/wp-json\/wp\/v2\/pages"}],"about":[{"href":"https:\/\/fdfamodesign.com\/en\/wp-json\/wp\/v2\/types\/page"}],"author":[{"embeddable":true,"href":"https:\/\/fdfamodesign.com\/en\/wp-json\/wp\/v2\/users\/1"}],"replies":[{"embeddable":true,"href":"https:\/\/fdfamodesign.com\/en\/wp-json\/wp\/v2\/comments?post=4726"}],"version-history":[{"count":7,"href":"https:\/\/fdfamodesign.com\/en\/wp-json\/wp\/v2\/pages\/4726\/revisions"}],"predecessor-version":[{"id":4860,"href":"https:\/\/fdfamodesign.com\/en\/wp-json\/wp\/v2\/pages\/4726\/revisions\/4860"}],"up":[{"embeddable":true,"href":"https:\/\/fdfamodesign.com\/en\/wp-json\/wp\/v2\/pages\/4724"}],"wp:featuredmedia":[{"embeddable":true,"href":"https:\/\/fdfamodesign.com\/en\/wp-json\/wp\/v2\/media\/4851"}],"wp:attachment":[{"href":"https:\/\/fdfamodesign.com\/en\/wp-json\/wp\/v2\/media?parent=4726"}],"curies":[{"name":"wp","href":"https:\/\/api.w.org\/{rel}","templated":true}]}}