{"id":4724,"date":"2025-11-04T10:02:00","date_gmt":"2025-11-04T09:02:00","guid":{"rendered":"https:\/\/fdfamodesign.com\/?page_id=4724"},"modified":"2025-11-05T11:55:55","modified_gmt":"2025-11-05T10:55:55","slug":"trabas-y-trebillas","status":"publish","type":"page","link":"https:\/\/fdfamodesign.com\/en\/trabas-y-trebillas\/","title":{"rendered":"Loops &amp; Keepers"},"content":{"rendered":"<div data-elementor-type=\"wp-page\" data-elementor-id=\"4724\" class=\"elementor elementor-4724\" data-elementor-post-type=\"page\">\n\t\t\t\t<div class=\"elementor-element elementor-element-bbb0356 e-flex e-con-boxed e-con e-parent\" data-id=\"bbb0356\" data-element_type=\"container\" data-e-type=\"container\">\n\t\t\t\t\t<div class=\"e-con-inner\">\n\t\t\t\t<div class=\"elementor-element elementor-element-cdcd80d elementor-widget elementor-widget-heading\" data-id=\"cdcd80d\" data-element_type=\"widget\" data-e-type=\"widget\" data-widget_type=\"heading.default\">\n\t\t\t\t<div class=\"elementor-widget-container\">\n\t\t\t\t\t<h5 class=\"elementor-heading-title elementor-size-default\">Small details that make the difference.<\/h5>\t\t\t\t<\/div>\n\t\t\t\t<\/div>\n\t\t\t\t\t<\/div>\n\t\t\t\t<\/div>\n\t\t<div class=\"elementor-element elementor-element-97e288f e-con-full e-flex e-con e-parent\" data-id=\"97e288f\" data-element_type=\"container\" data-e-type=\"container\">\n\t\t\t\t<div class=\"elementor-element elementor-element-4e7195f elementor-grid-2 elementor-grid-tablet-2 elementor-grid-mobile-1 elementor-widget elementor-widget-portfolio\" data-id=\"4e7195f\" data-element_type=\"widget\" data-e-type=\"widget\" data-settings=\"{&quot;columns&quot;:&quot;2&quot;,&quot;row_gap&quot;:{&quot;unit&quot;:&quot;px&quot;,&quot;size&quot;:10,&quot;sizes&quot;:[]},&quot;columns_tablet&quot;:&quot;2&quot;,&quot;columns_mobile&quot;:&quot;1&quot;,&quot;item_ratio&quot;:{&quot;unit&quot;:&quot;px&quot;,&quot;size&quot;:0.66,&quot;sizes&quot;:[]},&quot;item_gap&quot;:{&quot;unit&quot;:&quot;px&quot;,&quot;size&quot;:&quot;&quot;,&quot;sizes&quot;:[]}}\" data-widget_type=\"portfolio.default\">\n\t\t\t\t<div class=\"elementor-widget-container\">\n\t\t\t\t\t\t\t<div class=\"elementor-portfolio elementor-grid elementor-posts-container\" role=\"list\">\n\t\t\t\t<article class=\"elementor-portfolio-item elementor-post  post-4726 page type-page status-publish has-post-thumbnail hentry\" role=\"listitem\">\n\t\t\t<a class=\"elementor-post__thumbnail__link\" href=\"https:\/\/fdfamodesign.com\/en\/trabas-y-trebillas\/trabas\/\">\n\t\t\t\t<div class=\"elementor-portfolio-item__img elementor-post__thumbnail\">\n\t\t\t<img fetchpriority=\"high\" decoding=\"async\" width=\"640\" height=\"427\" src=\"https:\/\/fdfamodesign.com\/wp-content\/uploads\/2025\/11\/famo-invierno26-trabas-destacada-768x512.webp\" class=\"attachment-medium_large size-medium_large wp-image-4851\" alt=\"\" srcset=\"https:\/\/fdfamodesign.com\/wp-content\/uploads\/2025\/11\/famo-invierno26-trabas-destacada-768x512.webp 768w, https:\/\/fdfamodesign.com\/wp-content\/uploads\/2025\/11\/famo-invierno26-trabas-destacada-300x200.webp 300w, https:\/\/fdfamodesign.com\/wp-content\/uploads\/2025\/11\/famo-invierno26-trabas-destacada-1024x683.webp 1024w, https:\/\/fdfamodesign.com\/wp-content\/uploads\/2025\/11\/famo-invierno26-trabas-destacada-18x12.webp 18w, https:\/\/fdfamodesign.com\/wp-content\/uploads\/2025\/11\/famo-invierno26-trabas-destacada-360x240.webp 360w, https:\/\/fdfamodesign.com\/wp-content\/uploads\/2025\/11\/famo-invierno26-trabas-destacada-565x377.webp 565w, https:\/\/fdfamodesign.com\/wp-content\/uploads\/2025\/11\/famo-invierno26-trabas-destacada.webp 1200w\" sizes=\"(max-width: 640px) 100vw, 640px\" \/>\t\t<\/div>\n\t\t\t\t<div class=\"elementor-portfolio-item__overlay\">\n\t\t\t\t<h3 class=\"elementor-portfolio-item__title\">\n\t\tLoops\t\t<\/h3>\n\t\t\t\t<\/div>\n\t\t\t\t<\/a>\n\t\t<\/article>\n\t\t\t\t<article class=\"elementor-portfolio-item elementor-post  post-4729 page type-page status-publish has-post-thumbnail hentry\" role=\"listitem\">\n\t\t\t<a class=\"elementor-post__thumbnail__link\" href=\"https:\/\/fdfamodesign.com\/en\/trabas-y-trebillas\/trebillas\/\">\n\t\t\t\t<div class=\"elementor-portfolio-item__img elementor-post__thumbnail\">\n\t\t\t<img decoding=\"async\" width=\"640\" height=\"427\" src=\"https:\/\/fdfamodesign.com\/wp-content\/uploads\/2025\/11\/famo-invierno26-trebillas-destacada-768x512.webp\" class=\"attachment-medium_large size-medium_large wp-image-4852\" alt=\"\" srcset=\"https:\/\/fdfamodesign.com\/wp-content\/uploads\/2025\/11\/famo-invierno26-trebillas-destacada-768x512.webp 768w, https:\/\/fdfamodesign.com\/wp-content\/uploads\/2025\/11\/famo-invierno26-trebillas-destacada-300x200.webp 300w, https:\/\/fdfamodesign.com\/wp-content\/uploads\/2025\/11\/famo-invierno26-trebillas-destacada-1024x683.webp 1024w, https:\/\/fdfamodesign.com\/wp-content\/uploads\/2025\/11\/famo-invierno26-trebillas-destacada-18x12.webp 18w, https:\/\/fdfamodesign.com\/wp-content\/uploads\/2025\/11\/famo-invierno26-trebillas-destacada-360x240.webp 360w, https:\/\/fdfamodesign.com\/wp-content\/uploads\/2025\/11\/famo-invierno26-trebillas-destacada-565x377.webp 565w, https:\/\/fdfamodesign.com\/wp-content\/uploads\/2025\/11\/famo-invierno26-trebillas-destacada.webp 1200w\" sizes=\"(max-width: 640px) 100vw, 640px\" \/>\t\t<\/div>\n\t\t\t\t<div class=\"elementor-portfolio-item__overlay\">\n\t\t\t\t<h3 class=\"elementor-portfolio-item__title\">\n\t\tKeepers\t\t<\/h3>\n\t\t\t\t<\/div>\n\t\t\t\t<\/a>\n\t\t<\/article>\n\t\t\t\t<\/div>\n\t\t\t\t\t\t<\/div>\n\t\t\t\t<\/div>\n\t\t\t\t<div class=\"elementor-element elementor-element-75601f8 elementor-widget elementor-widget-text-editor\" data-id=\"75601f8\" data-element_type=\"widget\" data-e-type=\"widget\" data-widget_type=\"text-editor.default\">\n\t\t\t\t<div class=\"elementor-widget-container\">\n\t\t\t\t\t\t\t\t\t<p><strong><span class=\"comment_message--boldStyle--4eiNG\">Design and functionality in every connection<\/span><\/strong><\/p><p>At FAMO Design, clasps and loops are conceived as small connection points that provide both aesthetic and technical value to the final design.\nEach piece is created to join, secure, and define the character of the product, adapting to different types of footwear and accessories.\nWe develop every model by combining durable materials, precise finishes, and meticulous attention to detail.\nThe balance between technique and design results in accessories that not only serve a function but also bring visual coherence and quality to every creation.<\/p>\t\t\t\t\t\t\t\t<\/div>\n\t\t\t\t<\/div>\n\t\t\t\t<div class=\"elementor-element elementor-element-5a388e9 elementor-widget elementor-widget-gallery\" data-id=\"5a388e9\" data-element_type=\"widget\" data-e-type=\"widget\" data-settings=\"{&quot;gallery_layout&quot;:&quot;masonry&quot;,&quot;columns&quot;:3,&quot;lazyload&quot;:&quot;yes&quot;,&quot;columns_tablet&quot;:2,&quot;columns_mobile&quot;:1,&quot;gap&quot;:{&quot;unit&quot;:&quot;px&quot;,&quot;size&quot;:10,&quot;sizes&quot;:[]},&quot;gap_tablet&quot;:{&quot;unit&quot;:&quot;px&quot;,&quot;size&quot;:10,&quot;sizes&quot;:[]},&quot;gap_mobile&quot;:{&quot;unit&quot;:&quot;px&quot;,&quot;size&quot;:10,&quot;sizes&quot;:[]},&quot;link_to&quot;:&quot;file&quot;,&quot;overlay_background&quot;:&quot;yes&quot;,&quot;content_hover_animation&quot;:&quot;fade-in&quot;}\" data-widget_type=\"gallery.default\">\n\t\t\t\t<div class=\"elementor-widget-container\">\n\t\t\t\t\t\t\t<div class=\"elementor-gallery__container\">\n\t\t\t\t\t\t\t<a class=\"e-gallery-item elementor-gallery-item elementor-animated-content\" href=\"https:\/\/fdfamodesign.com\/wp-content\/uploads\/2025\/11\/famo-invierno26-trabas-y-trebillas-galeria-1.webp\" data-elementor-open-lightbox=\"yes\" data-elementor-lightbox-slideshow=\"5a388e9\" data-elementor-lightbox-title=\"famo-invierno26-trabas-y-trebillas-galeria-1\" data-e-action-hash=\"#elementor-action%3Aaction%3Dlightbox%26settings%3DeyJpZCI6NDg0NiwidXJsIjoiaHR0cHM6XC9cL2ZkZmFtb2Rlc2lnbi5jb21cL3dwLWNvbnRlbnRcL3VwbG9hZHNcLzIwMjVcLzExXC9mYW1vLWludmllcm5vMjYtdHJhYmFzLXktdHJlYmlsbGFzLWdhbGVyaWEtMS53ZWJwIiwic2xpZGVzaG93IjoiNWEzODhlOSJ9\">\n\t\t\t\t\t<div class=\"e-gallery-image elementor-gallery-item__image\" data-thumbnail=\"https:\/\/fdfamodesign.com\/wp-content\/uploads\/2025\/11\/famo-invierno26-trabas-y-trebillas-galeria-1-1024x683.webp\" data-width=\"640\" data-height=\"427\" aria-label=\"\" role=\"img\" ><\/div>\n\t\t\t\t\t\t\t\t\t\t\t<div class=\"elementor-gallery-item__overlay\"><\/div>\n\t\t\t\t\t\t\t\t\t\t\t\t\t\t<\/a>\n\t\t\t\t\t\t\t<a class=\"e-gallery-item elementor-gallery-item elementor-animated-content\" href=\"https:\/\/fdfamodesign.com\/wp-content\/uploads\/2025\/11\/famo-invierno26-trabas-y-trebillas-galeria-2.webp\" data-elementor-open-lightbox=\"yes\" data-elementor-lightbox-slideshow=\"5a388e9\" data-elementor-lightbox-title=\"famo-invierno26-trabas-y-trebillas-galeria-2\" data-e-action-hash=\"#elementor-action%3Aaction%3Dlightbox%26settings%3DeyJpZCI6NDg0NSwidXJsIjoiaHR0cHM6XC9cL2ZkZmFtb2Rlc2lnbi5jb21cL3dwLWNvbnRlbnRcL3VwbG9hZHNcLzIwMjVcLzExXC9mYW1vLWludmllcm5vMjYtdHJhYmFzLXktdHJlYmlsbGFzLWdhbGVyaWEtMi53ZWJwIiwic2xpZGVzaG93IjoiNWEzODhlOSJ9\">\n\t\t\t\t\t<div class=\"e-gallery-image elementor-gallery-item__image\" data-thumbnail=\"https:\/\/fdfamodesign.com\/wp-content\/uploads\/2025\/11\/famo-invierno26-trabas-y-trebillas-galeria-2-1024x683.webp\" data-width=\"640\" data-height=\"427\" aria-label=\"\" role=\"img\" ><\/div>\n\t\t\t\t\t\t\t\t\t\t\t<div class=\"elementor-gallery-item__overlay\"><\/div>\n\t\t\t\t\t\t\t\t\t\t\t\t\t\t<\/a>\n\t\t\t\t\t\t\t<a class=\"e-gallery-item elementor-gallery-item elementor-animated-content\" href=\"https:\/\/fdfamodesign.com\/wp-content\/uploads\/2025\/11\/famo-invierno26-trabas-y-trebillas-galeria-3.webp\" data-elementor-open-lightbox=\"yes\" data-elementor-lightbox-slideshow=\"5a388e9\" data-elementor-lightbox-title=\"famo-invierno26-trabas-y-trebillas-galeria-3\" data-e-action-hash=\"#elementor-action%3Aaction%3Dlightbox%26settings%3DeyJpZCI6NDg0NywidXJsIjoiaHR0cHM6XC9cL2ZkZmFtb2Rlc2lnbi5jb21cL3dwLWNvbnRlbnRcL3VwbG9hZHNcLzIwMjVcLzExXC9mYW1vLWludmllcm5vMjYtdHJhYmFzLXktdHJlYmlsbGFzLWdhbGVyaWEtMy53ZWJwIiwic2xpZGVzaG93IjoiNWEzODhlOSJ9\">\n\t\t\t\t\t<div class=\"e-gallery-image elementor-gallery-item__image\" data-thumbnail=\"https:\/\/fdfamodesign.com\/wp-content\/uploads\/2025\/11\/famo-invierno26-trabas-y-trebillas-galeria-3-1024x683.webp\" data-width=\"640\" data-height=\"427\" aria-label=\"\" role=\"img\" ><\/div>\n\t\t\t\t\t\t\t\t\t\t\t<div class=\"elementor-gallery-item__overlay\"><\/div>\n\t\t\t\t\t\t\t\t\t\t\t\t\t\t<\/a>\n\t\t\t\t\t<\/div>\n\t\t\t\t\t<\/div>\n\t\t\t\t<\/div>\n\t\t\t\t<\/div>\n\t\t<div class=\"elementor-element elementor-element-e96c24f elementor-hidden-desktop elementor-hidden-tablet elementor-hidden-mobile e-flex e-con-boxed e-con e-parent\" data-id=\"e96c24f\" data-element_type=\"container\" data-e-type=\"container\">\n\t\t\t\t\t<div class=\"e-con-inner\">\n\t\t<div class=\"elementor-element elementor-element-211dda5 e-con-full e-flex e-con e-child\" data-id=\"211dda5\" data-element_type=\"container\" data-e-type=\"container\">\n\t\t\t\t<div class=\"elementor-element elementor-element-c3008c1 elementor-mobile-align-center elementor-align-left elementor-widget elementor-widget-button\" data-id=\"c3008c1\" data-element_type=\"widget\" data-e-type=\"widget\" data-widget_type=\"button.default\">\n\t\t\t\t<div class=\"elementor-widget-container\">\n\t\t\t\t\t\t\t\t\t<div class=\"elementor-button-wrapper\">\n\t\t\t\t\t<a class=\"elementor-button elementor-button-link elementor-size-sm\" href=\"https:\/\/dev.formulaclick.com\/famo\/portfolio\/bolsos\/\">\n\t\t\t\t\t\t<span class=\"elementor-button-content-wrapper\">\n\t\t\t\t\t\t<span class=\"elementor-button-icon\">\n\t\t\t\t<svg aria-hidden=\"true\" class=\"e-font-icon-svg e-fas-arrow-left\" viewbox=\"0 0 448 512\" xmlns=\"http:\/\/www.w3.org\/2000\/svg\"><path d=\"M257.5 445.1l-22.2 22.2c-9.4 9.4-24.6 9.4-33.9 0L7 273c-9.4-9.4-9.4-24.6 0-33.9L201.4 44.7c9.4-9.4 24.6-9.4 33.9 0l22.2 22.2c9.5 9.5 9.3 25-.4 34.3L136.6 216H424c13.3 0 24 10.7 24 24v32c0 13.3-10.7 24-24 24H136.6l120.5 114.8c9.8 9.3 10 24.8.4 34.3z\"><\/path><\/svg>\t\t\t<\/span>\n\t\t\t\t\t\t\t\t\t<span class=\"elementor-button-text\">Handbags<\/span>\n\t\t\t\t\t<\/span>\n\t\t\t\t\t<\/a>\n\t\t\t\t<\/div>\n\t\t\t\t\t\t\t\t<\/div>\n\t\t\t\t<\/div>\n\t\t\t\t<\/div>\n\t\t<div class=\"elementor-element elementor-element-28f9b39 e-con-full e-flex e-con e-child\" data-id=\"28f9b39\" data-element_type=\"container\" data-e-type=\"container\">\n\t\t\t\t<div class=\"elementor-element elementor-element-686ca30 elementor-align-right elementor-mobile-align-center elementor-widget elementor-widget-button\" data-id=\"686ca30\" data-element_type=\"widget\" data-e-type=\"widget\" data-widget_type=\"button.default\">\n\t\t\t\t<div class=\"elementor-widget-container\">\n\t\t\t\t\t\t\t\t\t<div class=\"elementor-button-wrapper\">\n\t\t\t\t\t<a class=\"elementor-button elementor-button-link elementor-size-sm\" href=\"https:\/\/dev.formulaclick.com\/famo\/artesania-de-lujo\/\">\n\t\t\t\t\t\t<span class=\"elementor-button-content-wrapper\">\n\t\t\t\t\t\t<span class=\"elementor-button-icon\">\n\t\t\t\t<svg aria-hidden=\"true\" class=\"e-font-icon-svg e-fas-arrow-right\" viewbox=\"0 0 448 512\" xmlns=\"http:\/\/www.w3.org\/2000\/svg\"><path d=\"M190.5 66.9l22.2-22.2c9.4-9.4 24.6-9.4 33.9 0L441 239c9.4 9.4 9.4 24.6 0 33.9L246.6 467.3c-9.4 9.4-24.6 9.4-33.9 0l-22.2-22.2c-9.5-9.5-9.3-25 .4-34.3L311.4 296H24c-13.3 0-24-10.7-24-24v-32c0-13.3 10.7-24 24-24h287.4L190.9 101.2c-9.8-9.3-10-24.8-.4-34.3z\"><\/path><\/svg>\t\t\t<\/span>\n\t\t\t\t\t\t\t\t\t<span class=\"elementor-button-text\">Luxury craftsmanship<\/span>\n\t\t\t\t\t<\/span>\n\t\t\t\t\t<\/a>\n\t\t\t\t<\/div>\n\t\t\t\t\t\t\t\t<\/div>\n\t\t\t\t<\/div>\n\t\t\t\t<\/div>\n\t\t\t\t\t<\/div>\n\t\t\t\t<\/div>\n\t\t\t\t<\/div>","protected":false},"excerpt":{"rendered":"<p>Peque\u00f1os elementos que marcan la diferencia. Dise\u00f1o y funcionalidad en cada uni\u00f3n En FAMO Design,&hellip;<\/p>","protected":false},"author":1,"featured_media":4835,"parent":0,"menu_order":0,"comment_status":"closed","ping_status":"closed","template":"","meta":{"footnotes":""},"class_list":["post-4724","page","type-page","status-publish","has-post-thumbnail","hentry"],"yoast_head":"<!-- This site is optimized with the Yoast SEO plugin v27.1.1 - https:\/\/yoast.com\/product\/yoast-seo-wordpress\/ -->\n<title>Trabas y trebillas - Famo Design<\/title>\n<meta name=\"robots\" content=\"index, follow, max-snippet:-1, max-image-preview:large, max-video-preview:-1\" \/>\n<link rel=\"canonical\" href=\"https:\/\/fdfamodesign.com\/en\/trabas-y-trebillas\/\" \/>\n<meta property=\"og:locale\" content=\"en_GB\" \/>\n<meta property=\"og:type\" content=\"article\" \/>\n<meta property=\"og:title\" content=\"Trabas y trebillas - Famo Design\" \/>\n<meta property=\"og:description\" content=\"Peque\u00f1os elementos que marcan la diferencia. Dise\u00f1o y funcionalidad en cada uni\u00f3n En FAMO Design,&hellip;\" \/>\n<meta property=\"og:url\" content=\"https:\/\/fdfamodesign.com\/en\/trabas-y-trebillas\/\" \/>\n<meta property=\"og:site_name\" content=\"Famo Design\" \/>\n<meta property=\"article:publisher\" content=\"https:\/\/www.facebook.com\/famodesing\/\" \/>\n<meta property=\"article:modified_time\" content=\"2025-11-05T10:55:55+00:00\" \/>\n<meta property=\"og:image\" content=\"https:\/\/fdfamodesign.com\/wp-content\/uploads\/2025\/11\/famo-invierno26-trabas-y-trebillas-destacada.webp\" \/>\n\t<meta property=\"og:image:width\" content=\"1920\" \/>\n\t<meta property=\"og:image:height\" content=\"960\" \/>\n\t<meta property=\"og:image:type\" content=\"image\/jpeg\" \/>\n<meta name=\"twitter:card\" content=\"summary_large_image\" \/>\n<meta name=\"twitter:label1\" content=\"Estimated reading time\" \/>\n\t<meta name=\"twitter:data1\" content=\"1 minute\" \/>\n<script type=\"application\/ld+json\" class=\"yoast-schema-graph\">{\"@context\":\"https:\/\/schema.org\",\"@graph\":[{\"@type\":\"WebPage\",\"@id\":\"https:\/\/fdfamodesign.com\/trabas-y-trebillas\/\",\"url\":\"https:\/\/fdfamodesign.com\/trabas-y-trebillas\/\",\"name\":\"Trabas y trebillas - Famo Design\",\"isPartOf\":{\"@id\":\"https:\/\/fdfamodesign.com\/#website\"},\"primaryImageOfPage\":{\"@id\":\"https:\/\/fdfamodesign.com\/trabas-y-trebillas\/#primaryimage\"},\"image\":{\"@id\":\"https:\/\/fdfamodesign.com\/trabas-y-trebillas\/#primaryimage\"},\"thumbnailUrl\":\"https:\/\/fdfamodesign.com\/wp-content\/uploads\/2025\/11\/famo-invierno26-trabas-y-trebillas-destacada.webp\",\"datePublished\":\"2025-11-04T09:02:00+00:00\",\"dateModified\":\"2025-11-05T10:55:55+00:00\",\"breadcrumb\":{\"@id\":\"https:\/\/fdfamodesign.com\/trabas-y-trebillas\/#breadcrumb\"},\"inLanguage\":\"en-GB\",\"potentialAction\":[{\"@type\":\"ReadAction\",\"target\":[\"https:\/\/fdfamodesign.com\/trabas-y-trebillas\/\"]}]},{\"@type\":\"ImageObject\",\"inLanguage\":\"en-GB\",\"@id\":\"https:\/\/fdfamodesign.com\/trabas-y-trebillas\/#primaryimage\",\"url\":\"https:\/\/fdfamodesign.com\/wp-content\/uploads\/2025\/11\/famo-invierno26-trabas-y-trebillas-destacada.webp\",\"contentUrl\":\"https:\/\/fdfamodesign.com\/wp-content\/uploads\/2025\/11\/famo-invierno26-trabas-y-trebillas-destacada.webp\",\"width\":1920,\"height\":960},{\"@type\":\"BreadcrumbList\",\"@id\":\"https:\/\/fdfamodesign.com\/trabas-y-trebillas\/#breadcrumb\",\"itemListElement\":[{\"@type\":\"ListItem\",\"position\":1,\"name\":\"Portada\",\"item\":\"https:\/\/fdfamodesign.com\/\"},{\"@type\":\"ListItem\",\"position\":2,\"name\":\"Trabas y trebillas\"}]},{\"@type\":\"WebSite\",\"@id\":\"https:\/\/fdfamodesign.com\/#website\",\"url\":\"https:\/\/fdfamodesign.com\/\",\"name\":\"Famo Design\",\"description\":\"Servicios, productos y materias para calzado\",\"potentialAction\":[{\"@type\":\"SearchAction\",\"target\":{\"@type\":\"EntryPoint\",\"urlTemplate\":\"https:\/\/fdfamodesign.com\/?s={search_term_string}\"},\"query-input\":{\"@type\":\"PropertyValueSpecification\",\"valueRequired\":true,\"valueName\":\"search_term_string\"}}],\"inLanguage\":\"en-GB\"}]}<\/script>\n<!-- \/ Yoast SEO plugin. -->","yoast_head_json":{"title":"Trabas y trebillas - Famo Design","robots":{"index":"index","follow":"follow","max-snippet":"max-snippet:-1","max-image-preview":"max-image-preview:large","max-video-preview":"max-video-preview:-1"},"canonical":"https:\/\/fdfamodesign.com\/en\/trabas-y-trebillas\/","og_locale":"en_GB","og_type":"article","og_title":"Trabas y trebillas - Famo Design","og_description":"Peque\u00f1os elementos que marcan la diferencia. Dise\u00f1o y funcionalidad en cada uni\u00f3n En FAMO Design,&hellip;","og_url":"https:\/\/fdfamodesign.com\/en\/trabas-y-trebillas\/","og_site_name":"Famo Design","article_publisher":"https:\/\/www.facebook.com\/famodesing\/","article_modified_time":"2025-11-05T10:55:55+00:00","og_image":[{"width":1920,"height":960,"url":"https:\/\/fdfamodesign.com\/wp-content\/uploads\/2025\/11\/famo-invierno26-trabas-y-trebillas-destacada.webp","type":"image\/jpeg"}],"twitter_card":"summary_large_image","twitter_misc":{"Estimated reading time":"1 minute"},"schema":{"@context":"https:\/\/schema.org","@graph":[{"@type":"WebPage","@id":"https:\/\/fdfamodesign.com\/trabas-y-trebillas\/","url":"https:\/\/fdfamodesign.com\/trabas-y-trebillas\/","name":"Trabas y trebillas - Famo Design","isPartOf":{"@id":"https:\/\/fdfamodesign.com\/#website"},"primaryImageOfPage":{"@id":"https:\/\/fdfamodesign.com\/trabas-y-trebillas\/#primaryimage"},"image":{"@id":"https:\/\/fdfamodesign.com\/trabas-y-trebillas\/#primaryimage"},"thumbnailUrl":"https:\/\/fdfamodesign.com\/wp-content\/uploads\/2025\/11\/famo-invierno26-trabas-y-trebillas-destacada.webp","datePublished":"2025-11-04T09:02:00+00:00","dateModified":"2025-11-05T10:55:55+00:00","breadcrumb":{"@id":"https:\/\/fdfamodesign.com\/trabas-y-trebillas\/#breadcrumb"},"inLanguage":"en-GB","potentialAction":[{"@type":"ReadAction","target":["https:\/\/fdfamodesign.com\/trabas-y-trebillas\/"]}]},{"@type":"ImageObject","inLanguage":"en-GB","@id":"https:\/\/fdfamodesign.com\/trabas-y-trebillas\/#primaryimage","url":"https:\/\/fdfamodesign.com\/wp-content\/uploads\/2025\/11\/famo-invierno26-trabas-y-trebillas-destacada.webp","contentUrl":"https:\/\/fdfamodesign.com\/wp-content\/uploads\/2025\/11\/famo-invierno26-trabas-y-trebillas-destacada.webp","width":1920,"height":960},{"@type":"BreadcrumbList","@id":"https:\/\/fdfamodesign.com\/trabas-y-trebillas\/#breadcrumb","itemListElement":[{"@type":"ListItem","position":1,"name":"Portada","item":"https:\/\/fdfamodesign.com\/"},{"@type":"ListItem","position":2,"name":"Trabas y trebillas"}]},{"@type":"WebSite","@id":"https:\/\/fdfamodesign.com\/#website","url":"https:\/\/fdfamodesign.com\/","name":"Famo Design","description":"Servicios, productos y materias para calzado","potentialAction":[{"@type":"SearchAction","target":{"@type":"EntryPoint","urlTemplate":"https:\/\/fdfamodesign.com\/?s={search_term_string}"},"query-input":{"@type":"PropertyValueSpecification","valueRequired":true,"valueName":"search_term_string"}}],"inLanguage":"en-GB"}]}},"_links":{"self":[{"href":"https:\/\/fdfamodesign.com\/en\/wp-json\/wp\/v2\/pages\/4724","targetHints":{"allow":["GET"]}}],"collection":[{"href":"https:\/\/fdfamodesign.com\/en\/wp-json\/wp\/v2\/pages"}],"about":[{"href":"https:\/\/fdfamodesign.com\/en\/wp-json\/wp\/v2\/types\/page"}],"author":[{"embeddable":true,"href":"https:\/\/fdfamodesign.com\/en\/wp-json\/wp\/v2\/users\/1"}],"replies":[{"embeddable":true,"href":"https:\/\/fdfamodesign.com\/en\/wp-json\/wp\/v2\/comments?post=4724"}],"version-history":[{"count":13,"href":"https:\/\/fdfamodesign.com\/en\/wp-json\/wp\/v2\/pages\/4724\/revisions"}],"predecessor-version":[{"id":4850,"href":"https:\/\/fdfamodesign.com\/en\/wp-json\/wp\/v2\/pages\/4724\/revisions\/4850"}],"wp:featuredmedia":[{"embeddable":true,"href":"https:\/\/fdfamodesign.com\/en\/wp-json\/wp\/v2\/media\/4835"}],"wp:attachment":[{"href":"https:\/\/fdfamodesign.com\/en\/wp-json\/wp\/v2\/media?parent=4724"}],"curies":[{"name":"wp","href":"https:\/\/api.w.org\/{rel}","templated":true}]}}