{"id":2762,"date":"2024-05-22T06:39:13","date_gmt":"2024-05-22T06:39:13","guid":{"rendered":"https:\/\/fdfamodesign.com\/?page_id=2762"},"modified":"2024-06-19T08:39:54","modified_gmt":"2024-06-19T08:39:54","slug":"pol-cookies","status":"publish","type":"page","link":"https:\/\/fdfamodesign.com\/en\/pol-cookies\/","title":{"rendered":"Cookies policy"},"content":{"rendered":"<p><strong>BACKGROUND<\/strong><\/p>\n\n\n\n<p>In accordance with Spanish regulations governing the use of cookies, we inform you about the cookies used on this website.<\/p>\n\n\n\n<p><strong>WHAT ARE COOKIES?<\/strong><\/p>\n\n\n\n<p>A cookie is a file that is downloaded to the user's computer when accessing certain web pages. Cookies allow, among other things, to store and retrieve information about the user's browsing habits, or to personalise the way in which content is displayed.<\/p>\n\n\n\n<p><strong>TYPES OF COOKIES<\/strong><\/p>\n\n\n\n<p>Cookies can be classified as follows:<\/p>\n\n\n\n<p><strong><u>Cookies according to the entity that manages them<\/u><\/strong>:<\/p>\n\n\n\n<p>1.- <strong>Own coockies<\/strong>: These are those that are sent to the user's terminal equipment from a computer or domain managed by the editor itself and from which the service requested by the user is provided.<\/p>\n\n\n\n<p>2.- <strong>Third party cookies<\/strong>: These are sent to the user's terminal equipment from a computer or domain that is not managed by the editor, but by another entity that processes the data obtained through the cookies.<\/p>\n\n\n\n<p><strong><u>Cookies by purpose<\/u><\/strong>:<\/p>\n\n\n\n<p>1.- <strong>Technical cookies:<\/strong> are those that allow the user to browse through a website, platform or application and use the different options or services that exist on it, including those that the editor uses to allow the management and operation of the website and to enable its functions and services.<\/p>\n\n\n\n<p>2.-<strong> Preference or personalisation cookies:<\/strong> Cookies de preferencias o personalizaci\u00f3n:<\/p>\n\n\n\n<p>3.- <strong>Analysis or mediation cookies<\/strong>These are those that allow the person responsible for them to monitor and analyse the behaviour of the users of the websites to which they are linked.<\/p>\n\n\n\n<p>4.- <strong>Behavioural advertising cookies<\/strong>: Son aqu\u00e9llas que permiten la gesti\u00f3n, de la forma m\u00e1s eficaz posible, de los espacios publicitarios que, en su caso, el editor haya incluido en una p\u00e1gina web, aplicaci\u00f3n o plataforma desde la que presta el servicio solicitado. Estas cookies almacenan informaci\u00f3n del comportamiento de los usuarios obtenida a trav\u00e9s de la observaci\u00f3n continuada de sus h\u00e1bitos de navegaci\u00f3n, lo que permite desarrollar un perfil espec\u00edfico para mostrar publicidad en funci\u00f3n del mismo. Asimismo, es posible que al visitar alguna p\u00e1gina web o al abrir alg\u00fan email donde se publique alg\u00fan anuncio o alguna promoci\u00f3n sobre nuestros productos o servicios se instale en tu navegador alguna cookie que nos sirve para mostrarte posteriormente publicidad relacionada con la b\u00fasqueda que hayas realizado, desarrollar un control de nuestros anuncios en relaci\u00f3n, por ejemplo, con el n\u00famero de veces que son vistos, donde aparecen, a qu\u00e9 hora se ven, etc.<\/p>\n\n\n\n<p><strong><u>Cookies according to the length of time they remain enabled<\/u><\/strong>:<\/p>\n\n\n\n<p>1.- <strong>Session cookies:<\/strong> are those designed to collect and store data while the user accesses a web page. They are used to store information that is only of interest for the provision of the service requested by the user on a single occasion and disappear at the end of the session.<\/p>\n\n\n\n<p>2.- <strong>Persistent cookies<\/strong>: where data remains stored in the terminal and can be accessed and processed for a defined period of time, ranging from a few minutes to several years.<\/p>\n\n\n\n<p><strong>TYPES OF COOKIES USED BY THIS WEBSITE<\/strong><\/p>\n\n\n\n<p>Our website uses these cookies:<\/p>\n\n\n\n<figure class=\"wp-block-table\"><table><tbody><tr><td><strong>Name<\/strong><\/td><td><strong>Type<\/strong><\/td><td><strong>Finality<\/strong><\/td><td><strong>When and how they are stored<\/strong><\/td><td><strong>Duration<\/strong><\/td><\/tr><tr><td>PHPSESSID<\/td><td>Session<\/td><td>This cookie is used by the PHP encryption language to allow SESSION variables to be stored on the web server.<\/td><td>It is saved when accessing the website and is essential for the functioning of the website.<\/td><td>For the duration of the session.<\/td><\/tr><tr><td>_ga<\/td><td>Analytics<\/td><td>This is a google analytics cookie that uses an anonymous identifier to distinguish anonymous users. This cookie analyses user interactions in order to optimise the services offered. It lasts for two years.<\/td><td>The first time a user accesses the website through a browser, this cookie will be set.<\/td><td>2 years<\/td><\/tr><tr><td>_gat<\/td><td>Analytics<\/td><td>This is a google analytics cookie that is used to differentiate between the different tracking objects created in the session. The cookie expires after ten minutes and is updated each time you send data to Google Analytics. It is deleted when the browser is closed.<\/td><td>It is installed when the user enters the website.<\/td><td>For the duration of the session.<\/td><\/tr><tr><td>_gid<\/td><td>Analytics<\/td><td>This is a google analytics cookie used to distinguish users. It has a duration of 24 hours.<\/td><td>It is installed when the user enters the website.<\/td><td>24 hours<\/td><\/tr><tr><td>cookielawinfo-checkbox-necessary<\/td><td>Required<\/td><td>Used for the acceptance of necessary cookies.<\/td><td>Used by GDPR Cookie Consent plugin. More information: <a href=\"https:\/\/wordpress.org\/plugins\/cookie-law-info\/\" target=\"_blank\" rel=\"noreferrer noopener\">https:\/\/wordpress.org\/plugins\/cookie-law-info\/<\/a><\/td><td>11 months<\/td><\/tr><tr><td>cookielawinfo-checkbox-non-necessary<\/td><td>Not required<\/td><td>Used to accept cookies that are not necessary.<\/td><td>Used by GDPR Cookie Consent plugin. More information: <a href=\"https:\/\/wordpress.org\/plugins\/cookie-law-info\/\" target=\"_blank\" rel=\"noreferrer noopener\">https:\/\/wordpress.org\/plugins\/cookie-law-info\/<\/a><\/td><td>11 months<\/td><\/tr><tr><td>viewed_cookie_policy<\/td><td>Required<\/td><td>Cookies for internal use necessary for the functioning of the display of the cookies policy.<\/td><td>Used by GDPR Cookie Consent plugin. More information: <a href=\"https:\/\/wordpress.org\/plugins\/cookie-law-info\/\" target=\"_blank\" rel=\"noreferrer noopener\">https:\/\/wordpress.org\/plugins\/cookie-law-info\/<\/a><\/td><td>1 year<\/td><\/tr><tr><td>wordpress_logged_in_<\/td><td>Session<\/td><td>WordPress cookie for a logged in user.<\/td><td>When logging in to the website.<\/td><td>For the duration of the session.<\/td><\/tr><tr><td>wordpress_sec_<\/td><td>Session<\/td><td>These cookies help us to keep you logged in to our site.<\/td><td>By logging in to the website.<\/td><td>For the duration of the session.<\/td><\/tr><\/tbody><\/table><\/figure>\n\n\n\n<p><strong>REVOCATION AND DELETION OF COOKIES<\/strong><\/p>\n\n\n\n<p>When you access our website for the first time, you can accept or reject the use of all our cookies or, if you prefer, you can access the settings and accept cookies according to their type, except for technical cookies, which do not require user consent. You can change your preferences at any time by accessing our configuration panel.<\/p>\n\n\n\n<p>In addition, you can access your browser settings to restrict, block or delete cookies by following one of the procedures below, which depends on the browser you use:<\/p>\n\n\n\n<ul class=\"wp-block-list\">\n<li><strong>Google Chrome:\u00a0<\/strong><a href=\"https:\/\/support.google.com\/chrome\/answer\/95647?hl=es\" target=\"_blank\" rel=\"noreferrer noopener\">https:\/\/support.google.com\/chrome\/answer\/95647?hl=es<\/a><\/li>\n\n\n\n<li><strong>Microsoft Internet Explorer:\u00a0<\/strong><a href=\"http:\/\/windows.microsoft.com\/es-es\/internet-explorer\/delete-manage-cookies#ie=ie-9\" target=\"_blank\" rel=\"noreferrer noopener\">http:\/\/windows.microsoft.com\/es-es\/internet-explorer\/delete-manage-cookies#ie=ie-9<\/a><\/li>\n\n\n\n<li><strong>Mozilla Firefox:\u00a0<\/strong><a href=\"http:\/\/support.mozilla.org\/es\/kb\/habilitar-y-deshabilitar-cookies-que-los-sitios-we\" target=\"_blank\" rel=\"noreferrer noopener\">http:\/\/support.mozilla.org\/es\/kb\/habilitar-y-deshabilitar-cookies-que-los-sitios-we<\/a><\/li>\n\n\n\n<li><strong>Safari , iPad e iPhone:\u00a0<\/strong><a href=\"http:\/\/www.apple.com\/es\/privacy\/use-of-cookies\/\" target=\"_blank\" rel=\"noreferrer noopener\">http:\/\/www.apple.com\/es\/privacy\/use-of-cookies\/<\/a><\/li>\n\n\n\n<li><strong>Opera:\u00a0<\/strong><a href=\"http:\/\/help.opera.com\/Linux\/10.60\/es-ES\/cookies.html\" target=\"_blank\" rel=\"noreferrer noopener\">http:\/\/help.opera.com\/Linux\/10.60\/es-ES\/cookies.html<\/a><\/li>\n<\/ul>","protected":false},"excerpt":{"rendered":"<p>ANTECEDENTES De conformidad con la normativa espa\u00f1ola que regula el uso de cookies, le informamos&hellip;<\/p>","protected":false},"author":1,"featured_media":0,"parent":0,"menu_order":0,"comment_status":"closed","ping_status":"closed","template":"","meta":{"footnotes":""},"class_list":["post-2762","page","type-page","status-publish","hentry"],"yoast_head":"<!-- This site is optimized with the Yoast SEO plugin v27.1.1 - https:\/\/yoast.com\/product\/yoast-seo-wordpress\/ -->\n<title>Pol. cookies - Famo Design<\/title>\n<meta name=\"robots\" content=\"index, follow, max-snippet:-1, max-image-preview:large, max-video-preview:-1\" \/>\n<link rel=\"canonical\" href=\"https:\/\/fdfamodesign.com\/en\/pol-cookies\/\" \/>\n<meta property=\"og:locale\" content=\"en_GB\" \/>\n<meta property=\"og:type\" content=\"article\" \/>\n<meta property=\"og:title\" content=\"Pol. cookies - Famo Design\" \/>\n<meta property=\"og:description\" content=\"ANTECEDENTES De conformidad con la normativa espa\u00f1ola que regula el uso de cookies, le informamos&hellip;\" \/>\n<meta property=\"og:url\" content=\"https:\/\/fdfamodesign.com\/en\/pol-cookies\/\" \/>\n<meta property=\"og:site_name\" content=\"Famo Design\" \/>\n<meta property=\"article:publisher\" content=\"https:\/\/www.facebook.com\/famodesing\/\" \/>\n<meta property=\"article:modified_time\" content=\"2024-06-19T08:39:54+00:00\" \/>\n<meta name=\"twitter:card\" content=\"summary_large_image\" \/>\n<meta name=\"twitter:label1\" content=\"Estimated reading time\" \/>\n\t<meta name=\"twitter:data1\" content=\"6 minutes\" \/>\n<script type=\"application\/ld+json\" class=\"yoast-schema-graph\">{\"@context\":\"https:\/\/schema.org\",\"@graph\":[{\"@type\":\"WebPage\",\"@id\":\"https:\/\/fdfamodesign.com\/pol-cookies\/\",\"url\":\"https:\/\/fdfamodesign.com\/pol-cookies\/\",\"name\":\"Pol. cookies - Famo Design\",\"isPartOf\":{\"@id\":\"https:\/\/fdfamodesign.com\/#website\"},\"datePublished\":\"2024-05-22T06:39:13+00:00\",\"dateModified\":\"2024-06-19T08:39:54+00:00\",\"breadcrumb\":{\"@id\":\"https:\/\/fdfamodesign.com\/pol-cookies\/#breadcrumb\"},\"inLanguage\":\"en-GB\",\"potentialAction\":[{\"@type\":\"ReadAction\",\"target\":[\"https:\/\/fdfamodesign.com\/pol-cookies\/\"]}]},{\"@type\":\"BreadcrumbList\",\"@id\":\"https:\/\/fdfamodesign.com\/pol-cookies\/#breadcrumb\",\"itemListElement\":[{\"@type\":\"ListItem\",\"position\":1,\"name\":\"Portada\",\"item\":\"https:\/\/fdfamodesign.com\/\"},{\"@type\":\"ListItem\",\"position\":2,\"name\":\"Pol. cookies\"}]},{\"@type\":\"WebSite\",\"@id\":\"https:\/\/fdfamodesign.com\/#website\",\"url\":\"https:\/\/fdfamodesign.com\/\",\"name\":\"Famo Design\",\"description\":\"Servicios, productos y materias para calzado\",\"potentialAction\":[{\"@type\":\"SearchAction\",\"target\":{\"@type\":\"EntryPoint\",\"urlTemplate\":\"https:\/\/fdfamodesign.com\/?s={search_term_string}\"},\"query-input\":{\"@type\":\"PropertyValueSpecification\",\"valueRequired\":true,\"valueName\":\"search_term_string\"}}],\"inLanguage\":\"en-GB\"}]}<\/script>\n<!-- \/ Yoast SEO plugin. -->","yoast_head_json":{"title":"Pol. cookies - Famo Design","robots":{"index":"index","follow":"follow","max-snippet":"max-snippet:-1","max-image-preview":"max-image-preview:large","max-video-preview":"max-video-preview:-1"},"canonical":"https:\/\/fdfamodesign.com\/en\/pol-cookies\/","og_locale":"en_GB","og_type":"article","og_title":"Pol. cookies - Famo Design","og_description":"ANTECEDENTES De conformidad con la normativa espa\u00f1ola que regula el uso de cookies, le informamos&hellip;","og_url":"https:\/\/fdfamodesign.com\/en\/pol-cookies\/","og_site_name":"Famo Design","article_publisher":"https:\/\/www.facebook.com\/famodesing\/","article_modified_time":"2024-06-19T08:39:54+00:00","twitter_card":"summary_large_image","twitter_misc":{"Estimated reading time":"6 minutes"},"schema":{"@context":"https:\/\/schema.org","@graph":[{"@type":"WebPage","@id":"https:\/\/fdfamodesign.com\/pol-cookies\/","url":"https:\/\/fdfamodesign.com\/pol-cookies\/","name":"Pol. cookies - Famo Design","isPartOf":{"@id":"https:\/\/fdfamodesign.com\/#website"},"datePublished":"2024-05-22T06:39:13+00:00","dateModified":"2024-06-19T08:39:54+00:00","breadcrumb":{"@id":"https:\/\/fdfamodesign.com\/pol-cookies\/#breadcrumb"},"inLanguage":"en-GB","potentialAction":[{"@type":"ReadAction","target":["https:\/\/fdfamodesign.com\/pol-cookies\/"]}]},{"@type":"BreadcrumbList","@id":"https:\/\/fdfamodesign.com\/pol-cookies\/#breadcrumb","itemListElement":[{"@type":"ListItem","position":1,"name":"Portada","item":"https:\/\/fdfamodesign.com\/"},{"@type":"ListItem","position":2,"name":"Pol. cookies"}]},{"@type":"WebSite","@id":"https:\/\/fdfamodesign.com\/#website","url":"https:\/\/fdfamodesign.com\/","name":"Famo Design","description":"Servicios, productos y materias para calzado","potentialAction":[{"@type":"SearchAction","target":{"@type":"EntryPoint","urlTemplate":"https:\/\/fdfamodesign.com\/?s={search_term_string}"},"query-input":{"@type":"PropertyValueSpecification","valueRequired":true,"valueName":"search_term_string"}}],"inLanguage":"en-GB"}]}},"_links":{"self":[{"href":"https:\/\/fdfamodesign.com\/en\/wp-json\/wp\/v2\/pages\/2762","targetHints":{"allow":["GET"]}}],"collection":[{"href":"https:\/\/fdfamodesign.com\/en\/wp-json\/wp\/v2\/pages"}],"about":[{"href":"https:\/\/fdfamodesign.com\/en\/wp-json\/wp\/v2\/types\/page"}],"author":[{"embeddable":true,"href":"https:\/\/fdfamodesign.com\/en\/wp-json\/wp\/v2\/users\/1"}],"replies":[{"embeddable":true,"href":"https:\/\/fdfamodesign.com\/en\/wp-json\/wp\/v2\/comments?post=2762"}],"version-history":[{"count":0,"href":"https:\/\/fdfamodesign.com\/en\/wp-json\/wp\/v2\/pages\/2762\/revisions"}],"wp:attachment":[{"href":"https:\/\/fdfamodesign.com\/en\/wp-json\/wp\/v2\/media?parent=2762"}],"curies":[{"name":"wp","href":"https:\/\/api.w.org\/{rel}","templated":true}]}}